{"id":17,"date":"2025-01-06T19:55:02","date_gmt":"2025-01-06T18:55:02","guid":{"rendered":"https:\/\/gipuzkoamt.com\/eus\/?page_id=17"},"modified":"2025-07-27T21:58:14","modified_gmt":"2025-07-27T20:58:14","slug":"zuzendaritza-batzordea","status":"publish","type":"page","link":"https:\/\/gipuzkoamt.com\/eus\/zuzendaritza-batzordea\/","title":{"rendered":"Zuzendaritza batzordea"},"content":{"rendered":"<p>Lehendakaria: Francisco Javier Olazabal Garc\u00eda<br \/>\nLehendakariordea: Gorka Labarga Tobalina<br \/>\nIdazkaria\/Diruzaina: Jes\u00fas G\u00f3mez Mart\u00edn<\/p>\n<p>Bokala 1: Koldo Viadas Aizpuru<br \/>\nBokala 2: Ioana Tecla Ghemes<br \/>\nBokala 3: Olatz Zuazua Aranzasti<br \/>\nBokala 4: Irati Otamendi Maiz<\/p>\n<p><strong><a href=\"https:\/\/gipuzkoamt.com\/es\/wp-content\/uploads\/2025\/07\/gipuzkoakomahaitenisazb.pdf\" target=\"_blank\">2025eko uztailaren 10eko ebazpena Eusko Jaurlaritzaren Jarduera Fisiko eta Kirol Zuzendaritzarena<\/a><\/strong><\/p>\n","protected":false},"excerpt":{"rendered":"<p>Lehendakaria: Francisco Javier Olazabal Garc\u00eda Lehendakariordea: Gorka Labarga Tobalina Idazkaria\/Diruzaina: Jes\u00fas G\u00f3mez Mart\u00edn Bokala 1: Koldo Viadas Aizpuru Bokala 2: Ioana Tecla Ghemes Bokala 3: [&#8230;]<\/p>\n","protected":false},"author":1,"featured_media":0,"parent":0,"menu_order":0,"comment_status":"closed","ping_status":"closed","template":"","meta":{"footnotes":""},"class_list":["post-17","page","type-page","status-publish","hentry"],"yoast_head":"<!-- This site is optimized with the Yoast SEO plugin v27.4 - https:\/\/yoast.com\/product\/yoast-seo-wordpress\/ -->\n<title>Zuzendaritza batzordea &#8211; GMTF<\/title>\n<meta name=\"robots\" content=\"index, follow, max-snippet:-1, max-image-preview:large, max-video-preview:-1\" \/>\n<link rel=\"canonical\" href=\"https:\/\/gipuzkoamt.com\/eus\/zuzendaritza-batzordea\/\" \/>\n<meta property=\"og:locale\" content=\"en_US\" \/>\n<meta property=\"og:type\" content=\"article\" \/>\n<meta property=\"og:title\" content=\"Zuzendaritza batzordea &#8211; GMTF\" \/>\n<meta property=\"og:description\" content=\"Lehendakaria: Francisco Javier Olazabal Garc\u00eda Lehendakariordea: Gorka Labarga Tobalina Idazkaria\/Diruzaina: Jes\u00fas G\u00f3mez Mart\u00edn Bokala 1: Koldo Viadas Aizpuru Bokala 2: Ioana Tecla Ghemes Bokala 3: [...]\" \/>\n<meta property=\"og:url\" content=\"https:\/\/gipuzkoamt.com\/eus\/zuzendaritza-batzordea\/\" \/>\n<meta property=\"og:site_name\" content=\"GMTF\" \/>\n<meta property=\"article:modified_time\" content=\"2025-07-27T20:58:14+00:00\" \/>\n<meta property=\"og:image\" content=\"https:\/\/gipuzkoamt.com\/eus\/wp-content\/uploads\/2025\/01\/cropped-Favicon.png\" \/>\n\t<meta property=\"og:image:width\" content=\"512\" \/>\n\t<meta property=\"og:image:height\" content=\"512\" \/>\n\t<meta property=\"og:image:type\" content=\"image\/png\" \/>\n<meta name=\"twitter:card\" content=\"summary_large_image\" \/>\n<meta name=\"twitter:label1\" content=\"Est. reading time\" \/>\n\t<meta name=\"twitter:data1\" content=\"1 minutua\" \/>\n<script type=\"application\/ld+json\" class=\"yoast-schema-graph\">{\"@context\":\"https:\\\/\\\/schema.org\",\"@graph\":[{\"@type\":\"WebPage\",\"@id\":\"https:\\\/\\\/gipuzkoamt.com\\\/eus\\\/zuzendaritza-batzordea\\\/\",\"url\":\"https:\\\/\\\/gipuzkoamt.com\\\/eus\\\/zuzendaritza-batzordea\\\/\",\"name\":\"Zuzendaritza batzordea &#8211; GMTF\",\"isPartOf\":{\"@id\":\"https:\\\/\\\/gipuzkoamt.com\\\/eus\\\/#website\"},\"datePublished\":\"2025-01-06T18:55:02+00:00\",\"dateModified\":\"2025-07-27T20:58:14+00:00\",\"breadcrumb\":{\"@id\":\"https:\\\/\\\/gipuzkoamt.com\\\/eus\\\/zuzendaritza-batzordea\\\/#breadcrumb\"},\"inLanguage\":\"eu\",\"potentialAction\":[{\"@type\":\"ReadAction\",\"target\":[\"https:\\\/\\\/gipuzkoamt.com\\\/eus\\\/zuzendaritza-batzordea\\\/\"]}]},{\"@type\":\"BreadcrumbList\",\"@id\":\"https:\\\/\\\/gipuzkoamt.com\\\/eus\\\/zuzendaritza-batzordea\\\/#breadcrumb\",\"itemListElement\":[{\"@type\":\"ListItem\",\"position\":1,\"name\":\"Hasiera\",\"item\":\"https:\\\/\\\/gipuzkoamt.com\\\/eus\\\/\"},{\"@type\":\"ListItem\",\"position\":2,\"name\":\"Zuzendaritza batzordea\"}]},{\"@type\":\"WebSite\",\"@id\":\"https:\\\/\\\/gipuzkoamt.com\\\/eus\\\/#website\",\"url\":\"https:\\\/\\\/gipuzkoamt.com\\\/eus\\\/\",\"name\":\"GMTF\",\"description\":\"Gipuzkoako Mahai Tenis Federazioa\",\"publisher\":{\"@id\":\"https:\\\/\\\/gipuzkoamt.com\\\/eus\\\/#organization\"},\"alternateName\":\"Gipuzkoako Mahai Tenis Federazioa\",\"potentialAction\":[{\"@type\":\"SearchAction\",\"target\":{\"@type\":\"EntryPoint\",\"urlTemplate\":\"https:\\\/\\\/gipuzkoamt.com\\\/eus\\\/?s={search_term_string}\"},\"query-input\":{\"@type\":\"PropertyValueSpecification\",\"valueRequired\":true,\"valueName\":\"search_term_string\"}}],\"inLanguage\":\"eu\"},{\"@type\":\"Organization\",\"@id\":\"https:\\\/\\\/gipuzkoamt.com\\\/eus\\\/#organization\",\"name\":\"Gipuzkoako Mahai Tenis Federazioa\",\"url\":\"https:\\\/\\\/gipuzkoamt.com\\\/eus\\\/\",\"logo\":{\"@type\":\"ImageObject\",\"inLanguage\":\"eu\",\"@id\":\"https:\\\/\\\/gipuzkoamt.com\\\/eus\\\/#\\\/schema\\\/logo\\\/image\\\/\",\"url\":\"https:\\\/\\\/gipuzkoamt.com\\\/eus\\\/wp-content\\\/uploads\\\/2025\\\/01\\\/cropped-Favicon.png\",\"contentUrl\":\"https:\\\/\\\/gipuzkoamt.com\\\/eus\\\/wp-content\\\/uploads\\\/2025\\\/01\\\/cropped-Favicon.png\",\"width\":512,\"height\":512,\"caption\":\"Gipuzkoako Mahai Tenis Federazioa\"},\"image\":{\"@id\":\"https:\\\/\\\/gipuzkoamt.com\\\/eus\\\/#\\\/schema\\\/logo\\\/image\\\/\"}}]}<\/script>\n<!-- \/ Yoast SEO plugin. -->","yoast_head_json":{"title":"Zuzendaritza batzordea &#8211; GMTF","robots":{"index":"index","follow":"follow","max-snippet":"max-snippet:-1","max-image-preview":"max-image-preview:large","max-video-preview":"max-video-preview:-1"},"canonical":"https:\/\/gipuzkoamt.com\/eus\/zuzendaritza-batzordea\/","og_locale":"en_US","og_type":"article","og_title":"Zuzendaritza batzordea &#8211; GMTF","og_description":"Lehendakaria: Francisco Javier Olazabal Garc\u00eda Lehendakariordea: Gorka Labarga Tobalina Idazkaria\/Diruzaina: Jes\u00fas G\u00f3mez Mart\u00edn Bokala 1: Koldo Viadas Aizpuru Bokala 2: Ioana Tecla Ghemes Bokala 3: [...]","og_url":"https:\/\/gipuzkoamt.com\/eus\/zuzendaritza-batzordea\/","og_site_name":"GMTF","article_modified_time":"2025-07-27T20:58:14+00:00","og_image":[{"width":512,"height":512,"url":"https:\/\/gipuzkoamt.com\/eus\/wp-content\/uploads\/2025\/01\/cropped-Favicon.png","type":"image\/png"}],"twitter_card":"summary_large_image","twitter_misc":{"Est. reading time":"1 minutua"},"schema":{"@context":"https:\/\/schema.org","@graph":[{"@type":"WebPage","@id":"https:\/\/gipuzkoamt.com\/eus\/zuzendaritza-batzordea\/","url":"https:\/\/gipuzkoamt.com\/eus\/zuzendaritza-batzordea\/","name":"Zuzendaritza batzordea &#8211; GMTF","isPartOf":{"@id":"https:\/\/gipuzkoamt.com\/eus\/#website"},"datePublished":"2025-01-06T18:55:02+00:00","dateModified":"2025-07-27T20:58:14+00:00","breadcrumb":{"@id":"https:\/\/gipuzkoamt.com\/eus\/zuzendaritza-batzordea\/#breadcrumb"},"inLanguage":"eu","potentialAction":[{"@type":"ReadAction","target":["https:\/\/gipuzkoamt.com\/eus\/zuzendaritza-batzordea\/"]}]},{"@type":"BreadcrumbList","@id":"https:\/\/gipuzkoamt.com\/eus\/zuzendaritza-batzordea\/#breadcrumb","itemListElement":[{"@type":"ListItem","position":1,"name":"Hasiera","item":"https:\/\/gipuzkoamt.com\/eus\/"},{"@type":"ListItem","position":2,"name":"Zuzendaritza batzordea"}]},{"@type":"WebSite","@id":"https:\/\/gipuzkoamt.com\/eus\/#website","url":"https:\/\/gipuzkoamt.com\/eus\/","name":"GMTF","description":"Gipuzkoako Mahai Tenis Federazioa","publisher":{"@id":"https:\/\/gipuzkoamt.com\/eus\/#organization"},"alternateName":"Gipuzkoako Mahai Tenis Federazioa","potentialAction":[{"@type":"SearchAction","target":{"@type":"EntryPoint","urlTemplate":"https:\/\/gipuzkoamt.com\/eus\/?s={search_term_string}"},"query-input":{"@type":"PropertyValueSpecification","valueRequired":true,"valueName":"search_term_string"}}],"inLanguage":"eu"},{"@type":"Organization","@id":"https:\/\/gipuzkoamt.com\/eus\/#organization","name":"Gipuzkoako Mahai Tenis Federazioa","url":"https:\/\/gipuzkoamt.com\/eus\/","logo":{"@type":"ImageObject","inLanguage":"eu","@id":"https:\/\/gipuzkoamt.com\/eus\/#\/schema\/logo\/image\/","url":"https:\/\/gipuzkoamt.com\/eus\/wp-content\/uploads\/2025\/01\/cropped-Favicon.png","contentUrl":"https:\/\/gipuzkoamt.com\/eus\/wp-content\/uploads\/2025\/01\/cropped-Favicon.png","width":512,"height":512,"caption":"Gipuzkoako Mahai Tenis Federazioa"},"image":{"@id":"https:\/\/gipuzkoamt.com\/eus\/#\/schema\/logo\/image\/"}}]}},"_links":{"self":[{"href":"https:\/\/gipuzkoamt.com\/eus\/wp-json\/wp\/v2\/pages\/17","targetHints":{"allow":["GET"]}}],"collection":[{"href":"https:\/\/gipuzkoamt.com\/eus\/wp-json\/wp\/v2\/pages"}],"about":[{"href":"https:\/\/gipuzkoamt.com\/eus\/wp-json\/wp\/v2\/types\/page"}],"author":[{"embeddable":true,"href":"https:\/\/gipuzkoamt.com\/eus\/wp-json\/wp\/v2\/users\/1"}],"replies":[{"embeddable":true,"href":"https:\/\/gipuzkoamt.com\/eus\/wp-json\/wp\/v2\/comments?post=17"}],"version-history":[{"count":6,"href":"https:\/\/gipuzkoamt.com\/eus\/wp-json\/wp\/v2\/pages\/17\/revisions"}],"predecessor-version":[{"id":371,"href":"https:\/\/gipuzkoamt.com\/eus\/wp-json\/wp\/v2\/pages\/17\/revisions\/371"}],"wp:attachment":[{"href":"https:\/\/gipuzkoamt.com\/eus\/wp-json\/wp\/v2\/media?parent=17"}],"curies":[{"name":"wp","href":"https:\/\/api.w.org\/{rel}","templated":true}]}}