{"id":72,"date":"2024-12-12T19:32:54","date_gmt":"2024-12-12T18:32:54","guid":{"rendered":"https:\/\/gipuzkoamt.com\/es\/?page_id=72"},"modified":"2024-12-12T19:32:54","modified_gmt":"2024-12-12T18:32:54","slug":"cookies","status":"publish","type":"page","link":"https:\/\/gipuzkoamt.com\/es\/cookies\/","title":{"rendered":"Cookies"},"content":{"rendered":"<p><strong>DEFINICI\u00d3N Y FUNCI\u00d3N DE LAS COOKIES<\/strong><\/p>\n<p>\u00bfQu\u00e9 son las cookies? Una cookie es un fichero que se descarga en su ordenador al acceder a determinadas p\u00e1ginas web. Las cookies permiten a una p\u00e1gina web, entre otras cosas, almacenar y recuperar informaci\u00f3n sobre los h\u00e1bitos de navegaci\u00f3n de un usuario o de su equipo y, dependiendo de la informaci\u00f3n que contengan y de la forma en que utilice su equipo, pueden utilizarse para reconocer al usuario.<\/p>\n<p><strong>COOKIES USADAS EN ESTA P\u00c1GINA WEB<\/strong><\/p>\n<p>Cookies propias: Son aquellas que se env\u00edan al equipo terminal del usuario desde un equipo o dominio gestionado por el propio editor y desde el que se presta el servicio solicitado por el usuario.<\/p>\n<p>Cookies de sesi\u00f3n: Son un tipo de cookies dise\u00f1adas para recabar y almacenar datos mientras el usuario accede a una p\u00e1gina web.<\/p>\n<p>Cookies de tercero: Son aqu\u00e9llas que se env\u00edan al equipo terminal del usuario desde un equipo o dominio que no es gestionado por el editor, sino por otra entidad que trata los datos obtenidos trav\u00e9s de las cookies. <\/p>\n<p><strong>REVOCACI\u00d3N Y ELIMINACI\u00d3N DE COOKIES<\/strong><\/p>\n<p>Usted puede permitir, bloquear o eliminar las cookies instaladas en su equipo mediante la configuraci\u00f3n de las opciones del navegador instalado en su ordenador, en caso que no permita la instalaci\u00f3n de cookies en su navegador es posible que no pueda acceder a alguna de las secciones de nuestra web.<\/p>\n<p>A continuaci\u00f3n puede encontrar como acceder a la configuraci\u00f3n de las cookies en los principales navegadores:<\/p>\n<p>Internet Explorer: Men\u00fa Herramientas -> Opciones de Internet -> Privacidad -> Configuraci\u00f3n. Tambi\u00e9n puede consultar el soporte de Microsoft o la Ayuda del navegador.<\/p>\n<p>Firefox: Men\u00fa Herramientas -> Opciones -> Privacidad -> Historial -> Configuraci\u00f3n Personalizada. Tambi\u00e9n puede consultar el soporte de Mozilla o la Ayuda del navegador.<\/p>\n<p>Chrome: Men\u00fa Configuraci\u00f3n -> Mostrar opciones avanzadas -> Privacidad -> Configuraci\u00f3n de contenido. Tambi\u00e9n puede consultar el soporte de Google o la Ayuda del navegador.<\/p>\n<p>Safari: Men\u00fa Preferencias -> Seguridad. Tambi\u00e9n puede consultar el soporte de Apple o la Ayuda del navegador.<\/p>\n","protected":false},"excerpt":{"rendered":"<p>DEFINICI\u00d3N Y FUNCI\u00d3N DE LAS COOKIES \u00bfQu\u00e9 son las cookies? Una cookie es un fichero que se descarga en su ordenador al acceder a determinadas [&#8230;]<\/p>\n","protected":false},"author":1,"featured_media":0,"parent":0,"menu_order":0,"comment_status":"closed","ping_status":"closed","template":"","meta":{"footnotes":""},"class_list":["post-72","page","type-page","status-publish","hentry"],"yoast_head":"<!-- This site is optimized with the Yoast SEO plugin v27.4 - https:\/\/yoast.com\/product\/yoast-seo-wordpress\/ -->\n<title>Cookies &#8211; GMTF<\/title>\n<meta name=\"robots\" content=\"index, follow, max-snippet:-1, max-image-preview:large, max-video-preview:-1\" \/>\n<link rel=\"canonical\" href=\"https:\/\/gipuzkoamt.com\/es\/cookies\/\" \/>\n<meta property=\"og:locale\" content=\"es_ES\" \/>\n<meta property=\"og:type\" content=\"article\" \/>\n<meta property=\"og:title\" content=\"Cookies &#8211; GMTF\" \/>\n<meta property=\"og:description\" content=\"DEFINICI\u00d3N Y FUNCI\u00d3N DE LAS COOKIES \u00bfQu\u00e9 son las cookies? Una cookie es un fichero que se descarga en su ordenador al acceder a determinadas [...]\" \/>\n<meta property=\"og:url\" content=\"https:\/\/gipuzkoamt.com\/es\/cookies\/\" \/>\n<meta property=\"og:site_name\" content=\"GMTF\" \/>\n<meta property=\"og:image\" content=\"https:\/\/gipuzkoamt.com\/es\/wp-content\/uploads\/2024\/12\/Favicon.png\" \/>\n\t<meta property=\"og:image:width\" content=\"250\" \/>\n\t<meta property=\"og:image:height\" content=\"250\" \/>\n\t<meta property=\"og:image:type\" content=\"image\/png\" \/>\n<meta name=\"twitter:card\" content=\"summary_large_image\" \/>\n<meta name=\"twitter:label1\" content=\"Tiempo de lectura\" \/>\n\t<meta name=\"twitter:data1\" content=\"2 minutos\" \/>\n<script type=\"application\/ld+json\" class=\"yoast-schema-graph\">{\"@context\":\"https:\\\/\\\/schema.org\",\"@graph\":[{\"@type\":\"WebPage\",\"@id\":\"https:\\\/\\\/gipuzkoamt.com\\\/es\\\/cookies\\\/\",\"url\":\"https:\\\/\\\/gipuzkoamt.com\\\/es\\\/cookies\\\/\",\"name\":\"Cookies &#8211; GMTF\",\"isPartOf\":{\"@id\":\"https:\\\/\\\/gipuzkoamt.com\\\/es\\\/#website\"},\"datePublished\":\"2024-12-12T18:32:54+00:00\",\"breadcrumb\":{\"@id\":\"https:\\\/\\\/gipuzkoamt.com\\\/es\\\/cookies\\\/#breadcrumb\"},\"inLanguage\":\"es\",\"potentialAction\":[{\"@type\":\"ReadAction\",\"target\":[\"https:\\\/\\\/gipuzkoamt.com\\\/es\\\/cookies\\\/\"]}]},{\"@type\":\"BreadcrumbList\",\"@id\":\"https:\\\/\\\/gipuzkoamt.com\\\/es\\\/cookies\\\/#breadcrumb\",\"itemListElement\":[{\"@type\":\"ListItem\",\"position\":1,\"name\":\"Home\",\"item\":\"https:\\\/\\\/gipuzkoamt.com\\\/es\\\/\"},{\"@type\":\"ListItem\",\"position\":2,\"name\":\"Cookies\"}]},{\"@type\":\"WebSite\",\"@id\":\"https:\\\/\\\/gipuzkoamt.com\\\/es\\\/#website\",\"url\":\"https:\\\/\\\/gipuzkoamt.com\\\/es\\\/\",\"name\":\"GMTF\",\"description\":\"Gipuzkoako Mahai Tenis Federazioa\",\"publisher\":{\"@id\":\"https:\\\/\\\/gipuzkoamt.com\\\/es\\\/#organization\"},\"potentialAction\":[{\"@type\":\"SearchAction\",\"target\":{\"@type\":\"EntryPoint\",\"urlTemplate\":\"https:\\\/\\\/gipuzkoamt.com\\\/es\\\/?s={search_term_string}\"},\"query-input\":{\"@type\":\"PropertyValueSpecification\",\"valueRequired\":true,\"valueName\":\"search_term_string\"}}],\"inLanguage\":\"es\"},{\"@type\":\"Organization\",\"@id\":\"https:\\\/\\\/gipuzkoamt.com\\\/es\\\/#organization\",\"name\":\"Federaci\u00f3n Guipuzcoana de Tenis de Mesa\",\"url\":\"https:\\\/\\\/gipuzkoamt.com\\\/es\\\/\",\"logo\":{\"@type\":\"ImageObject\",\"inLanguage\":\"es\",\"@id\":\"https:\\\/\\\/gipuzkoamt.com\\\/es\\\/#\\\/schema\\\/logo\\\/image\\\/\",\"url\":\"https:\\\/\\\/gipuzkoamt.com\\\/es\\\/wp-content\\\/uploads\\\/2024\\\/12\\\/Favicon.png\",\"contentUrl\":\"https:\\\/\\\/gipuzkoamt.com\\\/es\\\/wp-content\\\/uploads\\\/2024\\\/12\\\/Favicon.png\",\"width\":250,\"height\":250,\"caption\":\"Federaci\u00f3n Guipuzcoana de Tenis de Mesa\"},\"image\":{\"@id\":\"https:\\\/\\\/gipuzkoamt.com\\\/es\\\/#\\\/schema\\\/logo\\\/image\\\/\"}}]}<\/script>\n<!-- \/ Yoast SEO plugin. -->","yoast_head_json":{"title":"Cookies &#8211; GMTF","robots":{"index":"index","follow":"follow","max-snippet":"max-snippet:-1","max-image-preview":"max-image-preview:large","max-video-preview":"max-video-preview:-1"},"canonical":"https:\/\/gipuzkoamt.com\/es\/cookies\/","og_locale":"es_ES","og_type":"article","og_title":"Cookies &#8211; GMTF","og_description":"DEFINICI\u00d3N Y FUNCI\u00d3N DE LAS COOKIES \u00bfQu\u00e9 son las cookies? Una cookie es un fichero que se descarga en su ordenador al acceder a determinadas [...]","og_url":"https:\/\/gipuzkoamt.com\/es\/cookies\/","og_site_name":"GMTF","og_image":[{"width":250,"height":250,"url":"https:\/\/gipuzkoamt.com\/es\/wp-content\/uploads\/2024\/12\/Favicon.png","type":"image\/png"}],"twitter_card":"summary_large_image","twitter_misc":{"Tiempo de lectura":"2 minutos"},"schema":{"@context":"https:\/\/schema.org","@graph":[{"@type":"WebPage","@id":"https:\/\/gipuzkoamt.com\/es\/cookies\/","url":"https:\/\/gipuzkoamt.com\/es\/cookies\/","name":"Cookies &#8211; GMTF","isPartOf":{"@id":"https:\/\/gipuzkoamt.com\/es\/#website"},"datePublished":"2024-12-12T18:32:54+00:00","breadcrumb":{"@id":"https:\/\/gipuzkoamt.com\/es\/cookies\/#breadcrumb"},"inLanguage":"es","potentialAction":[{"@type":"ReadAction","target":["https:\/\/gipuzkoamt.com\/es\/cookies\/"]}]},{"@type":"BreadcrumbList","@id":"https:\/\/gipuzkoamt.com\/es\/cookies\/#breadcrumb","itemListElement":[{"@type":"ListItem","position":1,"name":"Home","item":"https:\/\/gipuzkoamt.com\/es\/"},{"@type":"ListItem","position":2,"name":"Cookies"}]},{"@type":"WebSite","@id":"https:\/\/gipuzkoamt.com\/es\/#website","url":"https:\/\/gipuzkoamt.com\/es\/","name":"GMTF","description":"Gipuzkoako Mahai Tenis Federazioa","publisher":{"@id":"https:\/\/gipuzkoamt.com\/es\/#organization"},"potentialAction":[{"@type":"SearchAction","target":{"@type":"EntryPoint","urlTemplate":"https:\/\/gipuzkoamt.com\/es\/?s={search_term_string}"},"query-input":{"@type":"PropertyValueSpecification","valueRequired":true,"valueName":"search_term_string"}}],"inLanguage":"es"},{"@type":"Organization","@id":"https:\/\/gipuzkoamt.com\/es\/#organization","name":"Federaci\u00f3n Guipuzcoana de Tenis de Mesa","url":"https:\/\/gipuzkoamt.com\/es\/","logo":{"@type":"ImageObject","inLanguage":"es","@id":"https:\/\/gipuzkoamt.com\/es\/#\/schema\/logo\/image\/","url":"https:\/\/gipuzkoamt.com\/es\/wp-content\/uploads\/2024\/12\/Favicon.png","contentUrl":"https:\/\/gipuzkoamt.com\/es\/wp-content\/uploads\/2024\/12\/Favicon.png","width":250,"height":250,"caption":"Federaci\u00f3n Guipuzcoana de Tenis de Mesa"},"image":{"@id":"https:\/\/gipuzkoamt.com\/es\/#\/schema\/logo\/image\/"}}]}},"_links":{"self":[{"href":"https:\/\/gipuzkoamt.com\/es\/wp-json\/wp\/v2\/pages\/72","targetHints":{"allow":["GET"]}}],"collection":[{"href":"https:\/\/gipuzkoamt.com\/es\/wp-json\/wp\/v2\/pages"}],"about":[{"href":"https:\/\/gipuzkoamt.com\/es\/wp-json\/wp\/v2\/types\/page"}],"author":[{"embeddable":true,"href":"https:\/\/gipuzkoamt.com\/es\/wp-json\/wp\/v2\/users\/1"}],"replies":[{"embeddable":true,"href":"https:\/\/gipuzkoamt.com\/es\/wp-json\/wp\/v2\/comments?post=72"}],"version-history":[{"count":2,"href":"https:\/\/gipuzkoamt.com\/es\/wp-json\/wp\/v2\/pages\/72\/revisions"}],"predecessor-version":[{"id":188,"href":"https:\/\/gipuzkoamt.com\/es\/wp-json\/wp\/v2\/pages\/72\/revisions\/188"}],"wp:attachment":[{"href":"https:\/\/gipuzkoamt.com\/es\/wp-json\/wp\/v2\/media?parent=72"}],"curies":[{"name":"wp","href":"https:\/\/api.w.org\/{rel}","templated":true}]}}