{"id":66,"date":"2024-12-12T19:20:28","date_gmt":"2024-12-12T18:20:28","guid":{"rendered":"https:\/\/gipuzkoamt.com\/es\/?page_id=66"},"modified":"2025-01-08T13:06:39","modified_gmt":"2025-01-08T12:06:39","slug":"privacidad-y-proteccion-de-datos","status":"publish","type":"page","link":"https:\/\/gipuzkoamt.com\/es\/privacidad-y-proteccion-de-datos\/","title":{"rendered":"Privacidad y protecci\u00f3n de datos"},"content":{"rendered":"<p><strong>DATOS DEL RESPONSABLE DEL TRATAMIENTO<\/strong><\/p>\n<p>Identidad: Federaci\u00f3n Guipuzcoana de Tenis de Mesa<br \/>\nCIF: G20161428<br \/>\nDomicilio social: Kirol Etxea. Paseo de Anoeta, 5. 20014 Donostia\/San Sebasti\u00e1n.<br \/>\nCorreo electr\u00f3nico: info@gipuzkoamt.eus<br \/>\nDelegado de Protecci\u00f3n de Datos: lopd@gipuzkoamt.eus<\/p>\n<p><strong>CL\u00c1USULA INFORMATIVA<\/strong><\/p>\n<p>En la Federaci\u00f3n Guipuzcoana de Tenis de Mesa tratamos la informaci\u00f3n que nos facilita con el fin del mantenimiento de la relaci\u00f3n laboral. Los datos proporcionados se conservar\u00e1n mientras se mantenga la relaci\u00f3n laboral o durante el tiempo necesario para cumplir con las obligaciones legales y atender las posibles responsabilidades que pudieran derivar del cumplimiento de la finalidad para la que los datos fueron recabados.<\/p>\n<p>Los datos no se ceder\u00e1n a terceros salvo en los casos en que exista una obligaci\u00f3n legal. Usted tiene derecho a obtener informaci\u00f3n sobre si en la Federaci\u00f3n Guipuzcoana de Tenis de Mesa estamos tratando sus datos personales, por lo que puede ejercer sus derechos de acceso, rectificaci\u00f3n, supresi\u00f3n y portabilidad de datos y oposici\u00f3n y limitaci\u00f3n a su tratamiento ante la Federaci\u00f3n Guipuzcoana de Tenis de Mesa o en la direcci\u00f3n de correo electr\u00f3nico: lopd@gipuzkoamt.eus, adjuntando copia de su DNI o documento equivalente. Asimismo, y especialmente si considera que no ha obtenido satisfacci\u00f3n plena en el ejercicio de sus derechos, podr\u00e1 presentar una reclamaci\u00f3n ante la autoridad nacional de control dirigi\u00e9ndose a estos efectos a la Agencia Espa\u00f1ola de Protecci\u00f3n de Datos, Calle Jorge Juan, 6. 28001 Madrid.<\/p>\n<p><strong>USO Y FINALIDAD DE LOS DATOS PERSONALES<\/strong><\/p>\n<p>La Federaci\u00f3n Guipuzcoana de Tenis de Mesa usa los siguientes datos personales con la finalidad de:<\/p>\n<p>Direcci\u00f3n de correo electr\u00f3nico: para poder comunicarnos contigo.<\/p>\n<p>Nombre y apellidos: para que cuando nos comuniquemos contigo lo hagamos de una manera personalizada.<\/p>\n<p>Direcci\u00f3n de correo: para poder comunicarnos con Usted a trav\u00e9s de correo electr\u00f3nico.<\/p>\n<p>Direcci\u00f3n IP del dispositivo desde la que se realizan determinadas operaciones y la fecha y hora de las siguientes operaciones: Aceptaci\u00f3n de condiciones legales y de privacidad de la p\u00e1gina.<\/p>\n<p>Cookies: Las cookies son importantes para el correcto funcionamiento del sitio web. Nuestro site recoge cookies para mejorar tu experiencia de usuario. Puedes ampliar informaci\u00f3n sobre los tipos de cookies en el apartado de pol\u00edtica de cookies.<\/p>\n<p><strong>OBTENCI\u00d3N DE DATOS PERSONALES<\/strong><\/p>\n<p>Toda esta informaci\u00f3n se recoge a trav\u00e9s de la navegaci\u00f3n en este sitio web o de proporcionarla al cumplimentar formularios html (de suscripci\u00f3n, contacto). Toda la informaci\u00f3n de car\u00e1cter personal se recoge y es almacenada en servidores que tienen todas las medidas de seguridad necesarias.<\/p>\n<p><strong>TIEMPO DE ALMACENAMIENTO DE LOS DATOS PERSONALES<\/strong><\/p>\n<p>Sus datos personales ser\u00e1n bloqueados cuando hayan dejado de ser necesarios para la finalidad para la cual fueron recabados, quedando a disposici\u00f3n exclusiva de Jueces y Tribunales, el Ministerio Fiscal o las Administraciones P\u00fablicas competentes, en particular las autoridades de protecci\u00f3n de datos, para la atenci\u00f3n de las posibles responsabilidades nacidas del tratamiento, durante el plazo de prescripci\u00f3n de \u00e9stas. Cumplido el citado plazo se proceder\u00e1 a la supresi\u00f3n de sus datos.<\/p>\n<p><strong>ACCESO A SUS DATOS<\/strong><\/p>\n<p>Tus datos podr\u00e1n ser accedidos por personas relacionadas con la Federaci\u00f3n Guipuzcoana de Tenis de Mesa, pero siempre por motivos relacionados con la finalidad del dato recogido. Los datos ser\u00e1n tratados en nombre y por cuentade la Federaci\u00f3n Guipuzcoana de Tenis de Mesa como consecuencia de la prestaci\u00f3n de un servicio. Organismos P\u00fablicos competentes, Agencia Tributaria, Jueces y Tribunales, cuando el Banco tenga la obligaci\u00f3n legal de facilitarlos.<\/p>\n<p><strong>DERECHOS Y EJERCICIO DE DERECHOS<\/strong><\/p>\n<p>Puede ejercer los derechos de:<\/p>\n<p>Oposici\u00f3n.<br \/>\nAcceso.<br \/>\nRectificaci\u00f3n.<br \/>\nSupresi\u00f3n.<br \/>\nLimitaci\u00f3n.<br \/>\nPortabilidad.<br \/>\nRevocaci\u00f3n del consentimiento prestado.<br \/>\nNo ser objeto de una decisi\u00f3n basada \u00fanicamente en tratamiento automatizado de sus datos.<br \/>\nPuedes ejercer estos derechos y, en general, consultar todas las cuestiones relativas al tratamiento de tus datos personales, previa acreditaci\u00f3n de tu identidad, ante el Delegado de Protecci\u00f3n de Datos de Privacidad mediante el env\u00edo de un correo electr\u00f3nico o por correo postal utilizando los datos de contacto facilitados en esta p\u00e1gina.<\/p>\n<p><strong>CL\u00c1USULAS PARA PRESTADORES DE SERVICIO CON ACCESO A LOS SISTEMAS DE INFORMACI\u00d3N<\/strong><\/p>\n<p>1. Objeto del encargo del tratamiento<\/p>\n<p>Mediante las presentes cl\u00e1usulas se habilita a Bluehost Inc, como encargado del tratamiento, para tratar por cuenta de la Federaci\u00f3n Guipuzcoana de Tenis de Mesa, en calidad de responsable del tratamiento, los datos de car\u00e1cter personal necesarios para prestar el servicio que en adelante se especifican. El tratamiento consistir\u00e1 en Hosting y proveedor de correo electr\u00f3nico.<\/p>\n<p>2. Identificaci\u00f3n de la informaci\u00f3n afectada<\/p>\n<p>Para la ejecuci\u00f3n de las prestaciones derivadas del cumplimiento del objeto de este encargo, la Federaci\u00f3n Guipuzcoana de Tenis de Mesa, como responsable del tratamiento, pone a disposici\u00f3n de la entidad Bluehost Inc la informaci\u00f3n disponible en los equipos inform\u00e1ticos que dan soporte a los tratamientos de datos realizados por el responsable.<\/p>\n<p>3. Duraci\u00f3n<\/p>\n<p>El presente acuerdo tiene una duraci\u00f3n indeterminada, siendo renovado autom\u00e1ticamente salvo decisi\u00f3n en contra por alguna de las partes. Una vez finalice el presente contrato, el encargado del tratamiento debe devolver al responsable los datos personales tratados y suprimir cualquier copia que mantenga en su poder. No obstante, podr\u00e1 mantener bloqueados los datos por el tiempo m\u00ednimo necesario para atender posibles responsabilidades que pudieran derivarse de su relaci\u00f3n con la Federaci\u00f3n Guipuzcoana de Tenis de Mesa, destruy\u00e9ndose de forma segura y definitiva al finalizar dicho plazo.<\/p>\n<p>4. Obligaciones del encargado del tratamiento<\/p>\n<p>El encargado del tratamiento y todo su personal se obliga a:<\/p>\n<p>a) Utilizar los datos personales a los que tenga acceso como consecuencia de la prestaci\u00f3n del servicio s\u00f3lo para la finalidad objeto de este encargo. En ning\u00fan caso podr\u00e1 utilizar los datos para fines propios.<\/p>\n<p>b) Tratar los datos de acuerdo con las instrucciones documentadas del responsable del tratamiento. Si el encargado del tratamiento considera que alguna de las instrucciones facilitadas infringe el Reglamento General de Protecci\u00f3n de Datos o cualquier otra disposici\u00f3n en materia de protecci\u00f3n de datos, el encargado informar\u00e1 inmediatamente al responsable.<\/p>\n<p>c) No comunicar ni difundir los datos a terceros, salvo que cuente con la autorizaci\u00f3n expresa del responsable del tratamiento o en los supuestos legalmente admisibles. Si el encargado quiere subcontratar, total o parcialmente, los servicios objeto de este contrato, tiene que informar al responsable y solicitar su autorizaci\u00f3n previa.<\/p>\n<p>d) Mantener el deber de secreto respecto a los datos de car\u00e1cter personal a los que haya tenido acceso en virtud del presente encargo, incluso despu\u00e9s de que finalice el contrato.<\/p>\n<p>e) Garantizar que las personas autorizadas para tratar datos personales se comprometan, de forma expresa y por escrito, a respetar la confidencialidad y a cumplir las medidas de seguridad correspondientes, de las que el encargado deber\u00e1 informarles convenientemente.<\/p>\n<p>f) Mantener a disposici\u00f3n del responsable la documentaci\u00f3n acreditativa del cumplimiento de la obligaci\u00f3n establecida en el apartado anterior.<\/p>\n<p>g) Garantizar la formaci\u00f3n necesaria en materia de protecci\u00f3n de datos personales de las personas autorizadas para tratar datos personales.<\/p>\n<p>h) Notificaci\u00f3n de violaciones de la seguridad de los datos: El encargado del tratamiento notificar\u00e1 al responsable del tratamiento, sin dilaci\u00f3n indebida y a trav\u00e9s de la direcci\u00f3n de correo electr\u00f3nico que le indique el responsable, las violaciones de la seguridad de los datos personales a su cargo de las que tenga conocimiento, juntamente con toda la informaci\u00f3n relevante para la documentaci\u00f3n y comunicaci\u00f3n de la incidencia. Asimismo, notificar\u00e1 cualquier fallo que haya sufrido en sus sistemas de tratamiento y gesti\u00f3n de la informaci\u00f3n y que pueda poner en peligro la seguridad de los datos personales tratados, su integridad o disponibilidad, as\u00ed como cualquier posible vulneraci\u00f3n de la confidencialidad como consecuencia de la puesta en conocimiento de terceros de los datos e informaciones accedidos durante la ejecuci\u00f3n del contrato. Se facilitar\u00e1, como m\u00ednimo, la informaci\u00f3n siguiente: Descripci\u00f3n de la naturaleza de la violaci\u00f3n de la seguridad de los datos personales, inclusive, cuando sea posible, las categor\u00edas y el n\u00famero aproximado de interesados afectados, y las categor\u00edas y el n\u00famero aproximado de registros de datos personales afectado, datos de la persona de contacto para obtener m\u00e1s informaci\u00f3n, descripci\u00f3n de las posibles consecuencias de la violaci\u00f3n de la seguridad de los datos personales, descripci\u00f3n de las medidas adoptadas o propuestas para poner remedio a la violaci\u00f3n de la seguridad de los datos personales, incluyendo, si procede, las medidas adoptadas para mitigar los posibles efectos negativos. Si no es posible facilitar la informaci\u00f3n simult\u00e1neamente, y en la medida en que no lo sea, la informaci\u00f3n se facilitar\u00e1 de manera gradual sin dilaci\u00f3n indebida.<\/p>\n<p>i) Poner disposici\u00f3n del responsable toda la informaci\u00f3n necesaria para demostrar el cumplimiento de sus obligaciones, as\u00ed como para permitir y contribuir a la realizaci\u00f3n de las auditor\u00edas o las inspecciones que realicen el responsable u otro auditor autorizado por \u00e9l.<\/p>\n<p>j) Auxiliar al responsable de tratamiento a implantar las medidas de seguridad necesarias para: Garantizar la confidencialidad, integridad, disponibilidad y resiliencia permanentes de los sistemas y servicios de tratamiento, restaurar la disponibilidad y el acceso a los datos personales de forma r\u00e1pida, en caso de incidente f\u00edsico o t\u00e9cnico, verificar, evaluar y valorar, de forma regular, la eficacia de las medidas t\u00e9cnicas y organizativas implantadas para garantizar la seguridad del tratamiento y destino de los datos: El encargado del tratamiento no conservar\u00e1 datos de car\u00e1cter personal relativos a los tratamientos realizados salvo que sea estrictamente necesario para la prestaci\u00f3n del servicio objeto del contrato y solo por el tiempo m\u00ednimo imprescindible. Una vez finalizada la prestaci\u00f3n del servicio objeto de contrato, el encargado del tratamiento suprimir\u00e1, devolver\u00e1 al responsable o entregar\u00e1, en su caso, a un nuevo encargado, seg\u00fan determine la Federaci\u00f3n Guipuzcoana de Tenis de Mesa, todos los datos de car\u00e1cter personal.No procede la destrucci\u00f3n de los datos cuando exista una previsi\u00f3n legal que obligue a su conservaci\u00f3n, en cuyo caso deben devolverse al responsable que garantizar\u00e1 su conservaci\u00f3n, debidamente bloqueados, mientras tal obligaci\u00f3n persista.La devoluci\u00f3n debe comportar el borrado total de los datos existentes en los equipos inform\u00e1ticos utilizados por el encargado. No obstante, el encargado puede conservar una copia de los datos, debidamente bloqueados, mientras puedan derivarse responsabilidades de la ejecuci\u00f3n de los servicios prestados al responsable del tratamiento.<\/p>\n<p>5. Obligaciones del responsable del tratamiento<\/p>\n<p>Corresponde al responsable del tratamiento:<\/p>\n<p>a) Facilitar al encargado el acceso a los equipos a fin de que pueda prestar el servicio contratado.<\/p>\n<p>b) Velar, de forma previa y durante todo el tratamiento, por el cumplimiento de las disposiciones vigentes en material de protecci\u00f3n de datos por parte del encargado del tratamiento.<\/p>\n<p>c) Supervisar el tratamiento, incluida la posibilidad de solicitar informaci\u00f3n para verificar el cumplimiento de las obligaciones establecidas en el presente contrato.<\/p>\n<p><strong>CL\u00c1USULAS DE CONFIDENCIALIDAD PARA PRESTADORES DE SERVICIO CON ACCESO ACCIDENTAL A LOS DATOS<\/strong><\/p>\n<p>1. Deber de confidencialidad<\/p>\n<p>La prestaci\u00f3n de servicio objeto de este contrato no incluye el tratamiento de datos de car\u00e1cter personal.<br \/>\nNo obstante, en el caso de que el personal de Bluehost Inc, de forma accidental o accesoria, fuera conocedor de informaci\u00f3n de datos de car\u00e1cter personal relativa a las actividades de tratamiento de la Federaci\u00f3n Guipuzcoana de Tenis de Mesa, vendr\u00e1n obligados a observar estrictamente el deber de secreto y confidencialidad, tanto durante el transcurso de la relaci\u00f3n contractual como una vez extinguida esta:<\/p>\n<p>a) siguiendo en todo momento las indicaciones del personal de la Federaci\u00f3n Guipuzcoana de Tenis de Mesa.<\/p>\n<p>b) no pudiendo utilizar la informaci\u00f3n a la que hubieran podido tener acceso para ninguna finalidad distinta a la derivada de la prestaci\u00f3n de servicio y<\/p>\n<p>c) no pudiendo divulgar, dar a conocer ni utilizar en beneficio propio o de terceros la informaci\u00f3n que hubieran podido conocer durante la prestaci\u00f3n del servicio objeto de este contrato.<\/p>\n","protected":false},"excerpt":{"rendered":"<p>DATOS DEL RESPONSABLE DEL TRATAMIENTO Identidad: Federaci\u00f3n Guipuzcoana de Tenis de Mesa CIF: G20161428 Domicilio social: Kirol Etxea. Paseo de Anoeta, 5. 20014 Donostia\/San Sebasti\u00e1n. [&#8230;]<\/p>\n","protected":false},"author":1,"featured_media":0,"parent":0,"menu_order":0,"comment_status":"closed","ping_status":"closed","template":"","meta":{"footnotes":""},"class_list":["post-66","page","type-page","status-publish","hentry"],"yoast_head":"<!-- This site is optimized with the Yoast SEO plugin v27.4 - https:\/\/yoast.com\/product\/yoast-seo-wordpress\/ -->\n<title>Privacidad y protecci\u00f3n de datos &#8211; GMTF<\/title>\n<meta name=\"robots\" content=\"index, follow, max-snippet:-1, max-image-preview:large, max-video-preview:-1\" \/>\n<link rel=\"canonical\" href=\"https:\/\/gipuzkoamt.com\/es\/privacidad-y-proteccion-de-datos\/\" \/>\n<meta property=\"og:locale\" content=\"es_ES\" \/>\n<meta property=\"og:type\" content=\"article\" \/>\n<meta property=\"og:title\" content=\"Privacidad y protecci\u00f3n de datos &#8211; GMTF\" \/>\n<meta property=\"og:description\" content=\"DATOS DEL RESPONSABLE DEL TRATAMIENTO Identidad: Federaci\u00f3n Guipuzcoana de Tenis de Mesa CIF: G20161428 Domicilio social: Kirol Etxea. Paseo de Anoeta, 5. 20014 Donostia\/San Sebasti\u00e1n. [...]\" \/>\n<meta property=\"og:url\" content=\"https:\/\/gipuzkoamt.com\/es\/privacidad-y-proteccion-de-datos\/\" \/>\n<meta property=\"og:site_name\" content=\"GMTF\" \/>\n<meta property=\"article:modified_time\" content=\"2025-01-08T12:06:39+00:00\" \/>\n<meta property=\"og:image\" content=\"https:\/\/gipuzkoamt.com\/es\/wp-content\/uploads\/2024\/12\/Favicon.png\" \/>\n\t<meta property=\"og:image:width\" content=\"250\" \/>\n\t<meta property=\"og:image:height\" content=\"250\" \/>\n\t<meta property=\"og:image:type\" content=\"image\/png\" \/>\n<meta name=\"twitter:card\" content=\"summary_large_image\" \/>\n<meta name=\"twitter:label1\" content=\"Tiempo de lectura\" \/>\n\t<meta name=\"twitter:data1\" content=\"9 minutos\" \/>\n<script type=\"application\/ld+json\" class=\"yoast-schema-graph\">{\"@context\":\"https:\\\/\\\/schema.org\",\"@graph\":[{\"@type\":\"WebPage\",\"@id\":\"https:\\\/\\\/gipuzkoamt.com\\\/es\\\/privacidad-y-proteccion-de-datos\\\/\",\"url\":\"https:\\\/\\\/gipuzkoamt.com\\\/es\\\/privacidad-y-proteccion-de-datos\\\/\",\"name\":\"Privacidad y protecci\u00f3n de datos &#8211; GMTF\",\"isPartOf\":{\"@id\":\"https:\\\/\\\/gipuzkoamt.com\\\/es\\\/#website\"},\"datePublished\":\"2024-12-12T18:20:28+00:00\",\"dateModified\":\"2025-01-08T12:06:39+00:00\",\"breadcrumb\":{\"@id\":\"https:\\\/\\\/gipuzkoamt.com\\\/es\\\/privacidad-y-proteccion-de-datos\\\/#breadcrumb\"},\"inLanguage\":\"es\",\"potentialAction\":[{\"@type\":\"ReadAction\",\"target\":[\"https:\\\/\\\/gipuzkoamt.com\\\/es\\\/privacidad-y-proteccion-de-datos\\\/\"]}]},{\"@type\":\"BreadcrumbList\",\"@id\":\"https:\\\/\\\/gipuzkoamt.com\\\/es\\\/privacidad-y-proteccion-de-datos\\\/#breadcrumb\",\"itemListElement\":[{\"@type\":\"ListItem\",\"position\":1,\"name\":\"Home\",\"item\":\"https:\\\/\\\/gipuzkoamt.com\\\/es\\\/\"},{\"@type\":\"ListItem\",\"position\":2,\"name\":\"Privacidad y protecci\u00f3n de datos\"}]},{\"@type\":\"WebSite\",\"@id\":\"https:\\\/\\\/gipuzkoamt.com\\\/es\\\/#website\",\"url\":\"https:\\\/\\\/gipuzkoamt.com\\\/es\\\/\",\"name\":\"GMTF\",\"description\":\"Gipuzkoako Mahai Tenis Federazioa\",\"publisher\":{\"@id\":\"https:\\\/\\\/gipuzkoamt.com\\\/es\\\/#organization\"},\"potentialAction\":[{\"@type\":\"SearchAction\",\"target\":{\"@type\":\"EntryPoint\",\"urlTemplate\":\"https:\\\/\\\/gipuzkoamt.com\\\/es\\\/?s={search_term_string}\"},\"query-input\":{\"@type\":\"PropertyValueSpecification\",\"valueRequired\":true,\"valueName\":\"search_term_string\"}}],\"inLanguage\":\"es\"},{\"@type\":\"Organization\",\"@id\":\"https:\\\/\\\/gipuzkoamt.com\\\/es\\\/#organization\",\"name\":\"Federaci\u00f3n Guipuzcoana de Tenis de Mesa\",\"url\":\"https:\\\/\\\/gipuzkoamt.com\\\/es\\\/\",\"logo\":{\"@type\":\"ImageObject\",\"inLanguage\":\"es\",\"@id\":\"https:\\\/\\\/gipuzkoamt.com\\\/es\\\/#\\\/schema\\\/logo\\\/image\\\/\",\"url\":\"https:\\\/\\\/gipuzkoamt.com\\\/es\\\/wp-content\\\/uploads\\\/2024\\\/12\\\/Favicon.png\",\"contentUrl\":\"https:\\\/\\\/gipuzkoamt.com\\\/es\\\/wp-content\\\/uploads\\\/2024\\\/12\\\/Favicon.png\",\"width\":250,\"height\":250,\"caption\":\"Federaci\u00f3n Guipuzcoana de Tenis de Mesa\"},\"image\":{\"@id\":\"https:\\\/\\\/gipuzkoamt.com\\\/es\\\/#\\\/schema\\\/logo\\\/image\\\/\"}}]}<\/script>\n<!-- \/ Yoast SEO plugin. -->","yoast_head_json":{"title":"Privacidad y protecci\u00f3n de datos &#8211; GMTF","robots":{"index":"index","follow":"follow","max-snippet":"max-snippet:-1","max-image-preview":"max-image-preview:large","max-video-preview":"max-video-preview:-1"},"canonical":"https:\/\/gipuzkoamt.com\/es\/privacidad-y-proteccion-de-datos\/","og_locale":"es_ES","og_type":"article","og_title":"Privacidad y protecci\u00f3n de datos &#8211; GMTF","og_description":"DATOS DEL RESPONSABLE DEL TRATAMIENTO Identidad: Federaci\u00f3n Guipuzcoana de Tenis de Mesa CIF: G20161428 Domicilio social: Kirol Etxea. Paseo de Anoeta, 5. 20014 Donostia\/San Sebasti\u00e1n. [...]","og_url":"https:\/\/gipuzkoamt.com\/es\/privacidad-y-proteccion-de-datos\/","og_site_name":"GMTF","article_modified_time":"2025-01-08T12:06:39+00:00","og_image":[{"width":250,"height":250,"url":"https:\/\/gipuzkoamt.com\/es\/wp-content\/uploads\/2024\/12\/Favicon.png","type":"image\/png"}],"twitter_card":"summary_large_image","twitter_misc":{"Tiempo de lectura":"9 minutos"},"schema":{"@context":"https:\/\/schema.org","@graph":[{"@type":"WebPage","@id":"https:\/\/gipuzkoamt.com\/es\/privacidad-y-proteccion-de-datos\/","url":"https:\/\/gipuzkoamt.com\/es\/privacidad-y-proteccion-de-datos\/","name":"Privacidad y protecci\u00f3n de datos &#8211; GMTF","isPartOf":{"@id":"https:\/\/gipuzkoamt.com\/es\/#website"},"datePublished":"2024-12-12T18:20:28+00:00","dateModified":"2025-01-08T12:06:39+00:00","breadcrumb":{"@id":"https:\/\/gipuzkoamt.com\/es\/privacidad-y-proteccion-de-datos\/#breadcrumb"},"inLanguage":"es","potentialAction":[{"@type":"ReadAction","target":["https:\/\/gipuzkoamt.com\/es\/privacidad-y-proteccion-de-datos\/"]}]},{"@type":"BreadcrumbList","@id":"https:\/\/gipuzkoamt.com\/es\/privacidad-y-proteccion-de-datos\/#breadcrumb","itemListElement":[{"@type":"ListItem","position":1,"name":"Home","item":"https:\/\/gipuzkoamt.com\/es\/"},{"@type":"ListItem","position":2,"name":"Privacidad y protecci\u00f3n de datos"}]},{"@type":"WebSite","@id":"https:\/\/gipuzkoamt.com\/es\/#website","url":"https:\/\/gipuzkoamt.com\/es\/","name":"GMTF","description":"Gipuzkoako Mahai Tenis Federazioa","publisher":{"@id":"https:\/\/gipuzkoamt.com\/es\/#organization"},"potentialAction":[{"@type":"SearchAction","target":{"@type":"EntryPoint","urlTemplate":"https:\/\/gipuzkoamt.com\/es\/?s={search_term_string}"},"query-input":{"@type":"PropertyValueSpecification","valueRequired":true,"valueName":"search_term_string"}}],"inLanguage":"es"},{"@type":"Organization","@id":"https:\/\/gipuzkoamt.com\/es\/#organization","name":"Federaci\u00f3n Guipuzcoana de Tenis de Mesa","url":"https:\/\/gipuzkoamt.com\/es\/","logo":{"@type":"ImageObject","inLanguage":"es","@id":"https:\/\/gipuzkoamt.com\/es\/#\/schema\/logo\/image\/","url":"https:\/\/gipuzkoamt.com\/es\/wp-content\/uploads\/2024\/12\/Favicon.png","contentUrl":"https:\/\/gipuzkoamt.com\/es\/wp-content\/uploads\/2024\/12\/Favicon.png","width":250,"height":250,"caption":"Federaci\u00f3n Guipuzcoana de Tenis de Mesa"},"image":{"@id":"https:\/\/gipuzkoamt.com\/es\/#\/schema\/logo\/image\/"}}]}},"_links":{"self":[{"href":"https:\/\/gipuzkoamt.com\/es\/wp-json\/wp\/v2\/pages\/66","targetHints":{"allow":["GET"]}}],"collection":[{"href":"https:\/\/gipuzkoamt.com\/es\/wp-json\/wp\/v2\/pages"}],"about":[{"href":"https:\/\/gipuzkoamt.com\/es\/wp-json\/wp\/v2\/types\/page"}],"author":[{"embeddable":true,"href":"https:\/\/gipuzkoamt.com\/es\/wp-json\/wp\/v2\/users\/1"}],"replies":[{"embeddable":true,"href":"https:\/\/gipuzkoamt.com\/es\/wp-json\/wp\/v2\/comments?post=66"}],"version-history":[{"count":6,"href":"https:\/\/gipuzkoamt.com\/es\/wp-json\/wp\/v2\/pages\/66\/revisions"}],"predecessor-version":[{"id":190,"href":"https:\/\/gipuzkoamt.com\/es\/wp-json\/wp\/v2\/pages\/66\/revisions\/190"}],"wp:attachment":[{"href":"https:\/\/gipuzkoamt.com\/es\/wp-json\/wp\/v2\/media?parent=66"}],"curies":[{"name":"wp","href":"https:\/\/api.w.org\/{rel}","templated":true}]}}