{"id":637,"date":"2025-09-26T19:31:32","date_gmt":"2025-09-26T18:31:32","guid":{"rendered":"https:\/\/gipuzkoamt.com\/es\/?page_id=637"},"modified":"2026-01-15T16:34:39","modified_gmt":"2026-01-15T15:34:39","slug":"bidasoa-mahai-tenis-academy","status":"publish","type":"page","link":"https:\/\/gipuzkoamt.com\/es\/bidasoa-mahai-tenis-academy\/","title":{"rendered":"Bidasoa Mahai Tenis Academy"},"content":{"rendered":"<p><img loading=\"lazy\" decoding=\"async\" class=\"size-full wp-image-36 aligncenter\" src=\"https:\/\/gipuzkoamt.com\/es\/wp-content\/uploads\/2025\/09\/Logo-BMTA_3.png\" alt=\"\" width=\"295\" height=\"68\" \/><\/p>\n<p>Con la creaci\u00f3n de Bidasoa Mahai Tenis Academy, se quiere aplicar un modelo de tecnificaci\u00f3n y de formaci\u00f3n integral, adaptado a las particularidades de cada deportista, mediante un itinerario personalizado y aprovechando las sinergias y experiencias adquiridas.<\/p>\n<p>Para la temporada 2025\/2026, Bidasoa Mahai Tenis Academy participa con un equipo mixto en el Open de Clubes organizado por el CTD Sonia Etxazarrate y en la Segunda Divisi\u00f3n Nacional masculina.<\/p>\n","protected":false},"excerpt":{"rendered":"<p>Con la creaci\u00f3n de Bidasoa Mahai Tenis Academy, se quiere aplicar un modelo de tecnificaci\u00f3n y de formaci\u00f3n integral, adaptado a las particularidades de cada [&#8230;]<\/p>\n","protected":false},"author":1,"featured_media":0,"parent":0,"menu_order":0,"comment_status":"closed","ping_status":"closed","template":"","meta":{"footnotes":""},"class_list":["post-637","page","type-page","status-publish","hentry"],"yoast_head":"<!-- This site is optimized with the Yoast SEO plugin v27.4 - https:\/\/yoast.com\/product\/yoast-seo-wordpress\/ -->\n<title>Bidasoa Mahai Tenis Academy &#8211; GMTF<\/title>\n<meta name=\"robots\" content=\"index, follow, max-snippet:-1, max-image-preview:large, max-video-preview:-1\" \/>\n<link rel=\"canonical\" href=\"https:\/\/gipuzkoamt.com\/es\/bidasoa-mahai-tenis-academy\/\" \/>\n<meta property=\"og:locale\" content=\"es_ES\" \/>\n<meta property=\"og:type\" content=\"article\" \/>\n<meta property=\"og:title\" content=\"Bidasoa Mahai Tenis Academy &#8211; GMTF\" \/>\n<meta property=\"og:description\" content=\"Con la creaci\u00f3n de Bidasoa Mahai Tenis Academy, se quiere aplicar un modelo de tecnificaci\u00f3n y de formaci\u00f3n integral, adaptado a las particularidades de cada [...]\" \/>\n<meta property=\"og:url\" content=\"https:\/\/gipuzkoamt.com\/es\/bidasoa-mahai-tenis-academy\/\" \/>\n<meta property=\"og:site_name\" content=\"GMTF\" \/>\n<meta property=\"article:modified_time\" content=\"2026-01-15T15:34:39+00:00\" \/>\n<meta property=\"og:image\" content=\"https:\/\/gipuzkoamt.com\/es\/wp-content\/uploads\/2024\/12\/lekaenea.png\" \/>\n\t<meta property=\"og:image:width\" content=\"202\" \/>\n\t<meta property=\"og:image:height\" content=\"125\" \/>\n\t<meta property=\"og:image:type\" content=\"image\/png\" \/>\n<meta name=\"twitter:card\" content=\"summary_large_image\" \/>\n<meta name=\"twitter:label1\" content=\"Tiempo de lectura\" \/>\n\t<meta name=\"twitter:data1\" content=\"1 minuto\" \/>\n<script type=\"application\/ld+json\" class=\"yoast-schema-graph\">{\"@context\":\"https:\\\/\\\/schema.org\",\"@graph\":[{\"@type\":\"WebPage\",\"@id\":\"https:\\\/\\\/gipuzkoamt.com\\\/es\\\/bidasoa-mahai-tenis-academy\\\/\",\"url\":\"https:\\\/\\\/gipuzkoamt.com\\\/es\\\/bidasoa-mahai-tenis-academy\\\/\",\"name\":\"Bidasoa Mahai Tenis Academy &#8211; GMTF\",\"isPartOf\":{\"@id\":\"https:\\\/\\\/gipuzkoamt.com\\\/es\\\/#website\"},\"primaryImageOfPage\":{\"@id\":\"https:\\\/\\\/gipuzkoamt.com\\\/es\\\/bidasoa-mahai-tenis-academy\\\/#primaryimage\"},\"image\":{\"@id\":\"https:\\\/\\\/gipuzkoamt.com\\\/es\\\/bidasoa-mahai-tenis-academy\\\/#primaryimage\"},\"thumbnailUrl\":\"https:\\\/\\\/gipuzkoamt.com\\\/es\\\/wp-content\\\/uploads\\\/2025\\\/09\\\/Logo-BMTA_3.png\",\"datePublished\":\"2025-09-26T18:31:32+00:00\",\"dateModified\":\"2026-01-15T15:34:39+00:00\",\"breadcrumb\":{\"@id\":\"https:\\\/\\\/gipuzkoamt.com\\\/es\\\/bidasoa-mahai-tenis-academy\\\/#breadcrumb\"},\"inLanguage\":\"es\",\"potentialAction\":[{\"@type\":\"ReadAction\",\"target\":[\"https:\\\/\\\/gipuzkoamt.com\\\/es\\\/bidasoa-mahai-tenis-academy\\\/\"]}]},{\"@type\":\"ImageObject\",\"inLanguage\":\"es\",\"@id\":\"https:\\\/\\\/gipuzkoamt.com\\\/es\\\/bidasoa-mahai-tenis-academy\\\/#primaryimage\",\"url\":\"https:\\\/\\\/gipuzkoamt.com\\\/es\\\/wp-content\\\/uploads\\\/2024\\\/12\\\/lekaenea.png\",\"contentUrl\":\"https:\\\/\\\/gipuzkoamt.com\\\/es\\\/wp-content\\\/uploads\\\/2024\\\/12\\\/lekaenea.png\",\"width\":202,\"height\":125},{\"@type\":\"BreadcrumbList\",\"@id\":\"https:\\\/\\\/gipuzkoamt.com\\\/es\\\/bidasoa-mahai-tenis-academy\\\/#breadcrumb\",\"itemListElement\":[{\"@type\":\"ListItem\",\"position\":1,\"name\":\"Home\",\"item\":\"https:\\\/\\\/gipuzkoamt.com\\\/es\\\/\"},{\"@type\":\"ListItem\",\"position\":2,\"name\":\"Bidasoa Mahai Tenis Academy\"}]},{\"@type\":\"WebSite\",\"@id\":\"https:\\\/\\\/gipuzkoamt.com\\\/es\\\/#website\",\"url\":\"https:\\\/\\\/gipuzkoamt.com\\\/es\\\/\",\"name\":\"GMTF\",\"description\":\"Gipuzkoako Mahai Tenis Federazioa\",\"publisher\":{\"@id\":\"https:\\\/\\\/gipuzkoamt.com\\\/es\\\/#organization\"},\"potentialAction\":[{\"@type\":\"SearchAction\",\"target\":{\"@type\":\"EntryPoint\",\"urlTemplate\":\"https:\\\/\\\/gipuzkoamt.com\\\/es\\\/?s={search_term_string}\"},\"query-input\":{\"@type\":\"PropertyValueSpecification\",\"valueRequired\":true,\"valueName\":\"search_term_string\"}}],\"inLanguage\":\"es\"},{\"@type\":\"Organization\",\"@id\":\"https:\\\/\\\/gipuzkoamt.com\\\/es\\\/#organization\",\"name\":\"Federaci\u00f3n Guipuzcoana de Tenis de Mesa\",\"url\":\"https:\\\/\\\/gipuzkoamt.com\\\/es\\\/\",\"logo\":{\"@type\":\"ImageObject\",\"inLanguage\":\"es\",\"@id\":\"https:\\\/\\\/gipuzkoamt.com\\\/es\\\/#\\\/schema\\\/logo\\\/image\\\/\",\"url\":\"https:\\\/\\\/gipuzkoamt.com\\\/es\\\/wp-content\\\/uploads\\\/2024\\\/12\\\/Favicon.png\",\"contentUrl\":\"https:\\\/\\\/gipuzkoamt.com\\\/es\\\/wp-content\\\/uploads\\\/2024\\\/12\\\/Favicon.png\",\"width\":250,\"height\":250,\"caption\":\"Federaci\u00f3n Guipuzcoana de Tenis de Mesa\"},\"image\":{\"@id\":\"https:\\\/\\\/gipuzkoamt.com\\\/es\\\/#\\\/schema\\\/logo\\\/image\\\/\"}}]}<\/script>\n<!-- \/ Yoast SEO plugin. -->","yoast_head_json":{"title":"Bidasoa Mahai Tenis Academy &#8211; GMTF","robots":{"index":"index","follow":"follow","max-snippet":"max-snippet:-1","max-image-preview":"max-image-preview:large","max-video-preview":"max-video-preview:-1"},"canonical":"https:\/\/gipuzkoamt.com\/es\/bidasoa-mahai-tenis-academy\/","og_locale":"es_ES","og_type":"article","og_title":"Bidasoa Mahai Tenis Academy &#8211; GMTF","og_description":"Con la creaci\u00f3n de Bidasoa Mahai Tenis Academy, se quiere aplicar un modelo de tecnificaci\u00f3n y de formaci\u00f3n integral, adaptado a las particularidades de cada [...]","og_url":"https:\/\/gipuzkoamt.com\/es\/bidasoa-mahai-tenis-academy\/","og_site_name":"GMTF","article_modified_time":"2026-01-15T15:34:39+00:00","og_image":[{"width":202,"height":125,"url":"https:\/\/gipuzkoamt.com\/es\/wp-content\/uploads\/2024\/12\/lekaenea.png","type":"image\/png"}],"twitter_card":"summary_large_image","twitter_misc":{"Tiempo de lectura":"1 minuto"},"schema":{"@context":"https:\/\/schema.org","@graph":[{"@type":"WebPage","@id":"https:\/\/gipuzkoamt.com\/es\/bidasoa-mahai-tenis-academy\/","url":"https:\/\/gipuzkoamt.com\/es\/bidasoa-mahai-tenis-academy\/","name":"Bidasoa Mahai Tenis Academy &#8211; GMTF","isPartOf":{"@id":"https:\/\/gipuzkoamt.com\/es\/#website"},"primaryImageOfPage":{"@id":"https:\/\/gipuzkoamt.com\/es\/bidasoa-mahai-tenis-academy\/#primaryimage"},"image":{"@id":"https:\/\/gipuzkoamt.com\/es\/bidasoa-mahai-tenis-academy\/#primaryimage"},"thumbnailUrl":"https:\/\/gipuzkoamt.com\/es\/wp-content\/uploads\/2025\/09\/Logo-BMTA_3.png","datePublished":"2025-09-26T18:31:32+00:00","dateModified":"2026-01-15T15:34:39+00:00","breadcrumb":{"@id":"https:\/\/gipuzkoamt.com\/es\/bidasoa-mahai-tenis-academy\/#breadcrumb"},"inLanguage":"es","potentialAction":[{"@type":"ReadAction","target":["https:\/\/gipuzkoamt.com\/es\/bidasoa-mahai-tenis-academy\/"]}]},{"@type":"ImageObject","inLanguage":"es","@id":"https:\/\/gipuzkoamt.com\/es\/bidasoa-mahai-tenis-academy\/#primaryimage","url":"https:\/\/gipuzkoamt.com\/es\/wp-content\/uploads\/2024\/12\/lekaenea.png","contentUrl":"https:\/\/gipuzkoamt.com\/es\/wp-content\/uploads\/2024\/12\/lekaenea.png","width":202,"height":125},{"@type":"BreadcrumbList","@id":"https:\/\/gipuzkoamt.com\/es\/bidasoa-mahai-tenis-academy\/#breadcrumb","itemListElement":[{"@type":"ListItem","position":1,"name":"Home","item":"https:\/\/gipuzkoamt.com\/es\/"},{"@type":"ListItem","position":2,"name":"Bidasoa Mahai Tenis Academy"}]},{"@type":"WebSite","@id":"https:\/\/gipuzkoamt.com\/es\/#website","url":"https:\/\/gipuzkoamt.com\/es\/","name":"GMTF","description":"Gipuzkoako Mahai Tenis Federazioa","publisher":{"@id":"https:\/\/gipuzkoamt.com\/es\/#organization"},"potentialAction":[{"@type":"SearchAction","target":{"@type":"EntryPoint","urlTemplate":"https:\/\/gipuzkoamt.com\/es\/?s={search_term_string}"},"query-input":{"@type":"PropertyValueSpecification","valueRequired":true,"valueName":"search_term_string"}}],"inLanguage":"es"},{"@type":"Organization","@id":"https:\/\/gipuzkoamt.com\/es\/#organization","name":"Federaci\u00f3n Guipuzcoana de Tenis de Mesa","url":"https:\/\/gipuzkoamt.com\/es\/","logo":{"@type":"ImageObject","inLanguage":"es","@id":"https:\/\/gipuzkoamt.com\/es\/#\/schema\/logo\/image\/","url":"https:\/\/gipuzkoamt.com\/es\/wp-content\/uploads\/2024\/12\/Favicon.png","contentUrl":"https:\/\/gipuzkoamt.com\/es\/wp-content\/uploads\/2024\/12\/Favicon.png","width":250,"height":250,"caption":"Federaci\u00f3n Guipuzcoana de Tenis de Mesa"},"image":{"@id":"https:\/\/gipuzkoamt.com\/es\/#\/schema\/logo\/image\/"}}]}},"_links":{"self":[{"href":"https:\/\/gipuzkoamt.com\/es\/wp-json\/wp\/v2\/pages\/637","targetHints":{"allow":["GET"]}}],"collection":[{"href":"https:\/\/gipuzkoamt.com\/es\/wp-json\/wp\/v2\/pages"}],"about":[{"href":"https:\/\/gipuzkoamt.com\/es\/wp-json\/wp\/v2\/types\/page"}],"author":[{"embeddable":true,"href":"https:\/\/gipuzkoamt.com\/es\/wp-json\/wp\/v2\/users\/1"}],"replies":[{"embeddable":true,"href":"https:\/\/gipuzkoamt.com\/es\/wp-json\/wp\/v2\/comments?post=637"}],"version-history":[{"count":4,"href":"https:\/\/gipuzkoamt.com\/es\/wp-json\/wp\/v2\/pages\/637\/revisions"}],"predecessor-version":[{"id":955,"href":"https:\/\/gipuzkoamt.com\/es\/wp-json\/wp\/v2\/pages\/637\/revisions\/955"}],"wp:attachment":[{"href":"https:\/\/gipuzkoamt.com\/es\/wp-json\/wp\/v2\/media?parent=637"}],"curies":[{"name":"wp","href":"https:\/\/api.w.org\/{rel}","templated":true}]}}