{"id":52,"date":"2024-12-12T18:55:37","date_gmt":"2024-12-12T17:55:37","guid":{"rendered":"https:\/\/gipuzkoamt.com\/es\/?page_id=52"},"modified":"2024-12-12T18:55:37","modified_gmt":"2024-12-12T17:55:37","slug":"cd-fortuna","status":"publish","type":"page","link":"https:\/\/gipuzkoamt.com\/es\/cd-fortuna\/","title":{"rendered":"CD Fortuna"},"content":{"rendered":"<p><img decoding=\"async\" class=\"aligncenter\" src=\"https:\/\/gipuzkoamt.com\/es\/wp-content\/uploads\/2024\/12\/000-home.png\" \/><\/p>\n<p>Aunque durante algunos de los a\u00f1os en que el club tuvo su sede en el local de la calle Campanario ya hubo secci\u00f3n de tenis de mesa, la \u00e9poca moderna de \u00e9sta secci\u00f3n del club comienza en el a\u00f1o 2009 con la extinci\u00f3n del Club Etxadi y la inserci\u00f3n de su secci\u00f3n de tenis de mesa en el Club Deportivo Fortuna.<\/p>\n<p>El responsable de \u00e9sta secci\u00f3n es Alexei Emelianov: maestro de esta modalidad venido desde Rusia con muchos a\u00f1os de experiencia como jugador profesional ahora dedicado a labores de entrenador. El proyecto es consolidar una secci\u00f3n de Tenis en el CD Fortuna empezando desde la base. Creando afici\u00f3n y cantera.<\/p>\n<p><strong>P\u00e1gina web: <a href=\"https:\/\/www.cdfortunake.com\/es\/secciones-deportivas\/tenis-de-mesa\" target=\"_blank\" rel=\"noopener\">www.cdfortunake.com<\/a><br \/>\nUbicaci\u00f3n: P\u00edo Baroja, 47. 20008 Donostia\/San Sebasti\u00e1n<\/strong><\/p>\n","protected":false},"excerpt":{"rendered":"<p>Aunque durante algunos de los a\u00f1os en que el club tuvo su sede en el local de la calle Campanario ya hubo secci\u00f3n de tenis [&#8230;]<\/p>\n","protected":false},"author":1,"featured_media":0,"parent":0,"menu_order":0,"comment_status":"closed","ping_status":"closed","template":"","meta":{"footnotes":""},"class_list":["post-52","page","type-page","status-publish","hentry"],"yoast_head":"<!-- This site is optimized with the Yoast SEO plugin v27.4 - https:\/\/yoast.com\/product\/yoast-seo-wordpress\/ -->\n<title>CD Fortuna &#8211; GMTF<\/title>\n<meta name=\"robots\" content=\"index, follow, max-snippet:-1, max-image-preview:large, max-video-preview:-1\" \/>\n<link rel=\"canonical\" href=\"https:\/\/gipuzkoamt.com\/es\/cd-fortuna\/\" \/>\n<meta property=\"og:locale\" content=\"es_ES\" \/>\n<meta property=\"og:type\" content=\"article\" \/>\n<meta property=\"og:title\" content=\"CD Fortuna &#8211; GMTF\" \/>\n<meta property=\"og:description\" content=\"Aunque durante algunos de los a\u00f1os en que el club tuvo su sede en el local de la calle Campanario ya hubo secci\u00f3n de tenis [...]\" \/>\n<meta property=\"og:url\" content=\"https:\/\/gipuzkoamt.com\/es\/cd-fortuna\/\" \/>\n<meta property=\"og:site_name\" content=\"GMTF\" \/>\n<meta property=\"og:image\" content=\"https:\/\/gipuzkoamt.com\/es\/wp-content\/uploads\/2024\/12\/000-home.png\" \/>\n<meta name=\"twitter:card\" content=\"summary_large_image\" \/>\n<meta name=\"twitter:label1\" content=\"Tiempo de lectura\" \/>\n\t<meta name=\"twitter:data1\" content=\"1 minuto\" \/>\n<script type=\"application\/ld+json\" class=\"yoast-schema-graph\">{\"@context\":\"https:\\\/\\\/schema.org\",\"@graph\":[{\"@type\":\"WebPage\",\"@id\":\"https:\\\/\\\/gipuzkoamt.com\\\/es\\\/cd-fortuna\\\/\",\"url\":\"https:\\\/\\\/gipuzkoamt.com\\\/es\\\/cd-fortuna\\\/\",\"name\":\"CD Fortuna &#8211; GMTF\",\"isPartOf\":{\"@id\":\"https:\\\/\\\/gipuzkoamt.com\\\/es\\\/#website\"},\"primaryImageOfPage\":{\"@id\":\"https:\\\/\\\/gipuzkoamt.com\\\/es\\\/cd-fortuna\\\/#primaryimage\"},\"image\":{\"@id\":\"https:\\\/\\\/gipuzkoamt.com\\\/es\\\/cd-fortuna\\\/#primaryimage\"},\"thumbnailUrl\":\"https:\\\/\\\/gipuzkoamt.com\\\/es\\\/wp-content\\\/uploads\\\/2024\\\/12\\\/000-home.png\",\"datePublished\":\"2024-12-12T17:55:37+00:00\",\"breadcrumb\":{\"@id\":\"https:\\\/\\\/gipuzkoamt.com\\\/es\\\/cd-fortuna\\\/#breadcrumb\"},\"inLanguage\":\"es\",\"potentialAction\":[{\"@type\":\"ReadAction\",\"target\":[\"https:\\\/\\\/gipuzkoamt.com\\\/es\\\/cd-fortuna\\\/\"]}]},{\"@type\":\"ImageObject\",\"inLanguage\":\"es\",\"@id\":\"https:\\\/\\\/gipuzkoamt.com\\\/es\\\/cd-fortuna\\\/#primaryimage\",\"url\":\"https:\\\/\\\/gipuzkoamt.com\\\/es\\\/wp-content\\\/uploads\\\/2024\\\/12\\\/000-home.png\",\"contentUrl\":\"https:\\\/\\\/gipuzkoamt.com\\\/es\\\/wp-content\\\/uploads\\\/2024\\\/12\\\/000-home.png\",\"width\":198,\"height\":83},{\"@type\":\"BreadcrumbList\",\"@id\":\"https:\\\/\\\/gipuzkoamt.com\\\/es\\\/cd-fortuna\\\/#breadcrumb\",\"itemListElement\":[{\"@type\":\"ListItem\",\"position\":1,\"name\":\"Home\",\"item\":\"https:\\\/\\\/gipuzkoamt.com\\\/es\\\/\"},{\"@type\":\"ListItem\",\"position\":2,\"name\":\"CD Fortuna\"}]},{\"@type\":\"WebSite\",\"@id\":\"https:\\\/\\\/gipuzkoamt.com\\\/es\\\/#website\",\"url\":\"https:\\\/\\\/gipuzkoamt.com\\\/es\\\/\",\"name\":\"GMTF\",\"description\":\"Gipuzkoako Mahai Tenis Federazioa\",\"publisher\":{\"@id\":\"https:\\\/\\\/gipuzkoamt.com\\\/es\\\/#organization\"},\"potentialAction\":[{\"@type\":\"SearchAction\",\"target\":{\"@type\":\"EntryPoint\",\"urlTemplate\":\"https:\\\/\\\/gipuzkoamt.com\\\/es\\\/?s={search_term_string}\"},\"query-input\":{\"@type\":\"PropertyValueSpecification\",\"valueRequired\":true,\"valueName\":\"search_term_string\"}}],\"inLanguage\":\"es\"},{\"@type\":\"Organization\",\"@id\":\"https:\\\/\\\/gipuzkoamt.com\\\/es\\\/#organization\",\"name\":\"Federaci\u00f3n Guipuzcoana de Tenis de Mesa\",\"url\":\"https:\\\/\\\/gipuzkoamt.com\\\/es\\\/\",\"logo\":{\"@type\":\"ImageObject\",\"inLanguage\":\"es\",\"@id\":\"https:\\\/\\\/gipuzkoamt.com\\\/es\\\/#\\\/schema\\\/logo\\\/image\\\/\",\"url\":\"https:\\\/\\\/gipuzkoamt.com\\\/es\\\/wp-content\\\/uploads\\\/2024\\\/12\\\/Favicon.png\",\"contentUrl\":\"https:\\\/\\\/gipuzkoamt.com\\\/es\\\/wp-content\\\/uploads\\\/2024\\\/12\\\/Favicon.png\",\"width\":250,\"height\":250,\"caption\":\"Federaci\u00f3n Guipuzcoana de Tenis de Mesa\"},\"image\":{\"@id\":\"https:\\\/\\\/gipuzkoamt.com\\\/es\\\/#\\\/schema\\\/logo\\\/image\\\/\"}}]}<\/script>\n<!-- \/ Yoast SEO plugin. -->","yoast_head_json":{"title":"CD Fortuna &#8211; GMTF","robots":{"index":"index","follow":"follow","max-snippet":"max-snippet:-1","max-image-preview":"max-image-preview:large","max-video-preview":"max-video-preview:-1"},"canonical":"https:\/\/gipuzkoamt.com\/es\/cd-fortuna\/","og_locale":"es_ES","og_type":"article","og_title":"CD Fortuna &#8211; GMTF","og_description":"Aunque durante algunos de los a\u00f1os en que el club tuvo su sede en el local de la calle Campanario ya hubo secci\u00f3n de tenis [...]","og_url":"https:\/\/gipuzkoamt.com\/es\/cd-fortuna\/","og_site_name":"GMTF","og_image":[{"url":"https:\/\/gipuzkoamt.com\/es\/wp-content\/uploads\/2024\/12\/000-home.png","type":"","width":"","height":""}],"twitter_card":"summary_large_image","twitter_misc":{"Tiempo de lectura":"1 minuto"},"schema":{"@context":"https:\/\/schema.org","@graph":[{"@type":"WebPage","@id":"https:\/\/gipuzkoamt.com\/es\/cd-fortuna\/","url":"https:\/\/gipuzkoamt.com\/es\/cd-fortuna\/","name":"CD Fortuna &#8211; GMTF","isPartOf":{"@id":"https:\/\/gipuzkoamt.com\/es\/#website"},"primaryImageOfPage":{"@id":"https:\/\/gipuzkoamt.com\/es\/cd-fortuna\/#primaryimage"},"image":{"@id":"https:\/\/gipuzkoamt.com\/es\/cd-fortuna\/#primaryimage"},"thumbnailUrl":"https:\/\/gipuzkoamt.com\/es\/wp-content\/uploads\/2024\/12\/000-home.png","datePublished":"2024-12-12T17:55:37+00:00","breadcrumb":{"@id":"https:\/\/gipuzkoamt.com\/es\/cd-fortuna\/#breadcrumb"},"inLanguage":"es","potentialAction":[{"@type":"ReadAction","target":["https:\/\/gipuzkoamt.com\/es\/cd-fortuna\/"]}]},{"@type":"ImageObject","inLanguage":"es","@id":"https:\/\/gipuzkoamt.com\/es\/cd-fortuna\/#primaryimage","url":"https:\/\/gipuzkoamt.com\/es\/wp-content\/uploads\/2024\/12\/000-home.png","contentUrl":"https:\/\/gipuzkoamt.com\/es\/wp-content\/uploads\/2024\/12\/000-home.png","width":198,"height":83},{"@type":"BreadcrumbList","@id":"https:\/\/gipuzkoamt.com\/es\/cd-fortuna\/#breadcrumb","itemListElement":[{"@type":"ListItem","position":1,"name":"Home","item":"https:\/\/gipuzkoamt.com\/es\/"},{"@type":"ListItem","position":2,"name":"CD Fortuna"}]},{"@type":"WebSite","@id":"https:\/\/gipuzkoamt.com\/es\/#website","url":"https:\/\/gipuzkoamt.com\/es\/","name":"GMTF","description":"Gipuzkoako Mahai Tenis Federazioa","publisher":{"@id":"https:\/\/gipuzkoamt.com\/es\/#organization"},"potentialAction":[{"@type":"SearchAction","target":{"@type":"EntryPoint","urlTemplate":"https:\/\/gipuzkoamt.com\/es\/?s={search_term_string}"},"query-input":{"@type":"PropertyValueSpecification","valueRequired":true,"valueName":"search_term_string"}}],"inLanguage":"es"},{"@type":"Organization","@id":"https:\/\/gipuzkoamt.com\/es\/#organization","name":"Federaci\u00f3n Guipuzcoana de Tenis de Mesa","url":"https:\/\/gipuzkoamt.com\/es\/","logo":{"@type":"ImageObject","inLanguage":"es","@id":"https:\/\/gipuzkoamt.com\/es\/#\/schema\/logo\/image\/","url":"https:\/\/gipuzkoamt.com\/es\/wp-content\/uploads\/2024\/12\/Favicon.png","contentUrl":"https:\/\/gipuzkoamt.com\/es\/wp-content\/uploads\/2024\/12\/Favicon.png","width":250,"height":250,"caption":"Federaci\u00f3n Guipuzcoana de Tenis de Mesa"},"image":{"@id":"https:\/\/gipuzkoamt.com\/es\/#\/schema\/logo\/image\/"}}]}},"_links":{"self":[{"href":"https:\/\/gipuzkoamt.com\/es\/wp-json\/wp\/v2\/pages\/52","targetHints":{"allow":["GET"]}}],"collection":[{"href":"https:\/\/gipuzkoamt.com\/es\/wp-json\/wp\/v2\/pages"}],"about":[{"href":"https:\/\/gipuzkoamt.com\/es\/wp-json\/wp\/v2\/types\/page"}],"author":[{"embeddable":true,"href":"https:\/\/gipuzkoamt.com\/es\/wp-json\/wp\/v2\/users\/1"}],"replies":[{"embeddable":true,"href":"https:\/\/gipuzkoamt.com\/es\/wp-json\/wp\/v2\/comments?post=52"}],"version-history":[{"count":2,"href":"https:\/\/gipuzkoamt.com\/es\/wp-json\/wp\/v2\/pages\/52\/revisions"}],"predecessor-version":[{"id":184,"href":"https:\/\/gipuzkoamt.com\/es\/wp-json\/wp\/v2\/pages\/52\/revisions\/184"}],"wp:attachment":[{"href":"https:\/\/gipuzkoamt.com\/es\/wp-json\/wp\/v2\/media?parent=52"}],"curies":[{"name":"wp","href":"https:\/\/api.w.org\/{rel}","templated":true}]}}