{"id":32,"date":"2024-12-12T14:03:21","date_gmt":"2024-12-12T13:03:21","guid":{"rendered":"https:\/\/gipuzkoamt.com\/es\/?page_id=32"},"modified":"2025-06-04T11:26:55","modified_gmt":"2025-06-04T10:26:55","slug":"leka-enea-tenis-de-mesa","status":"publish","type":"page","link":"https:\/\/gipuzkoamt.com\/es\/leka-enea-tenis-de-mesa\/","title":{"rendered":"Leka Enea Tenis de Mesa"},"content":{"rendered":"<p><img loading=\"lazy\" decoding=\"async\" class=\"size-full wp-image-36 aligncenter\" src=\"https:\/\/gipuzkoamt.com\/es\/wp-content\/uploads\/2024\/12\/lekaenea.png\" alt=\"\" width=\"202\" height=\"125\" \/><\/p>\n<p>El club Leka Enea Tenis de Mesa, inscrito en el Registro de Entidades Deportivas del Pa\u00eds Vasco el 3 de julio de 1986, es una asociaci\u00f3n privada sin \u00e1nimo de lucro con personalidad jur\u00eddica propia y capacidad de obrar, cuyo objeto es el fomento y la pr\u00e1ctica del tenis de mesa tanto en sus modalidades femenina como masculina y en la orientada tambi\u00e9n a las personas con discapacidad.<\/p>\n<p>El club lleva participando en ligas europeas (ETTU Cup) de forma ininterrumpida desde la temporada 2005\/2006 con el equipo masculino y desde la temporada 2010\/2011 con el equipo femenino. A partir de la temporada 2019\/2020 ambos equipos consiguieron la puntuaci\u00f3n suficiente para competir en la Champions League (m\u00e1xima liga europea por equipos).<\/p>\n<p>El equipo femenino consigue el mayor hito hasta el momento llegando hasta las semifinales de la Europe Cup (no pudiendo disputarse \u00e9stas como consecuencia de la pandemia). El mejor resultado del equipo masculino, fueron las tres veces que lleg\u00f3 hasta octavos de final, dos de ellas qued\u00f3 eliminado en Orenburg (Rusia)\u00a0y la tercera en\u00a0Metz (Francia).<\/p>\n<p>Desde la temporada 2013\/2014 el\u00a0Centro de Tecnificaci\u00f3n Sonia Etxazarreta, es la instalaci\u00f3n que utilizamos para realizar la mayor parte de nuestras actividades. Son 1.400 metros cuadrados de superficie; la planta baja con 670 metros cuadrados de los cuales 352 son de cancha de entrenamientos y la planta superior de 531 metros cuadrados. Adem\u00e1s, disponemos de un gimnasio, una sala multimedia, almacenes y sala para reuniones, conferencias, etc.<\/p>\n<p><strong>P\u00e1gina web: <a href=\"https:\/\/lekaeneatm.com\/\" target=\"_blank\" rel=\"noopener\">www.lekaeneatm.com<\/a><\/strong><br \/>\n<strong>Ubicaci\u00f3n: Olaketa Kalea, 25. 20303 Irun<\/strong><\/p>\n","protected":false},"excerpt":{"rendered":"<p>El club Leka Enea Tenis de Mesa, inscrito en el Registro de Entidades Deportivas del Pa\u00eds Vasco el 3 de julio de 1986, es una [&#8230;]<\/p>\n","protected":false},"author":1,"featured_media":0,"parent":0,"menu_order":0,"comment_status":"closed","ping_status":"closed","template":"","meta":{"footnotes":""},"class_list":["post-32","page","type-page","status-publish","hentry"],"yoast_head":"<!-- This site is optimized with the Yoast SEO plugin v27.4 - https:\/\/yoast.com\/product\/yoast-seo-wordpress\/ -->\n<title>Leka Enea Tenis de Mesa &#8211; GMTF<\/title>\n<meta name=\"robots\" content=\"index, follow, max-snippet:-1, max-image-preview:large, max-video-preview:-1\" \/>\n<link rel=\"canonical\" href=\"https:\/\/gipuzkoamt.com\/es\/leka-enea-tenis-de-mesa\/\" \/>\n<meta property=\"og:locale\" content=\"es_ES\" \/>\n<meta property=\"og:type\" content=\"article\" \/>\n<meta property=\"og:title\" content=\"Leka Enea Tenis de Mesa &#8211; GMTF\" \/>\n<meta property=\"og:description\" content=\"El club Leka Enea Tenis de Mesa, inscrito en el Registro de Entidades Deportivas del Pa\u00eds Vasco el 3 de julio de 1986, es una [...]\" \/>\n<meta property=\"og:url\" content=\"https:\/\/gipuzkoamt.com\/es\/leka-enea-tenis-de-mesa\/\" \/>\n<meta property=\"og:site_name\" content=\"GMTF\" \/>\n<meta property=\"article:modified_time\" content=\"2025-06-04T10:26:55+00:00\" \/>\n<meta property=\"og:image\" content=\"https:\/\/gipuzkoamt.com\/es\/wp-content\/uploads\/2024\/12\/lekaenea.png\" \/>\n\t<meta property=\"og:image:width\" content=\"202\" \/>\n\t<meta property=\"og:image:height\" content=\"125\" \/>\n\t<meta property=\"og:image:type\" content=\"image\/png\" \/>\n<meta name=\"twitter:card\" content=\"summary_large_image\" \/>\n<meta name=\"twitter:label1\" content=\"Tiempo de lectura\" \/>\n\t<meta name=\"twitter:data1\" content=\"2 minutos\" \/>\n<script type=\"application\/ld+json\" class=\"yoast-schema-graph\">{\"@context\":\"https:\\\/\\\/schema.org\",\"@graph\":[{\"@type\":\"WebPage\",\"@id\":\"https:\\\/\\\/gipuzkoamt.com\\\/es\\\/leka-enea-tenis-de-mesa\\\/\",\"url\":\"https:\\\/\\\/gipuzkoamt.com\\\/es\\\/leka-enea-tenis-de-mesa\\\/\",\"name\":\"Leka Enea Tenis de Mesa &#8211; GMTF\",\"isPartOf\":{\"@id\":\"https:\\\/\\\/gipuzkoamt.com\\\/es\\\/#website\"},\"primaryImageOfPage\":{\"@id\":\"https:\\\/\\\/gipuzkoamt.com\\\/es\\\/leka-enea-tenis-de-mesa\\\/#primaryimage\"},\"image\":{\"@id\":\"https:\\\/\\\/gipuzkoamt.com\\\/es\\\/leka-enea-tenis-de-mesa\\\/#primaryimage\"},\"thumbnailUrl\":\"https:\\\/\\\/gipuzkoamt.com\\\/es\\\/wp-content\\\/uploads\\\/2024\\\/12\\\/lekaenea.png\",\"datePublished\":\"2024-12-12T13:03:21+00:00\",\"dateModified\":\"2025-06-04T10:26:55+00:00\",\"breadcrumb\":{\"@id\":\"https:\\\/\\\/gipuzkoamt.com\\\/es\\\/leka-enea-tenis-de-mesa\\\/#breadcrumb\"},\"inLanguage\":\"es\",\"potentialAction\":[{\"@type\":\"ReadAction\",\"target\":[\"https:\\\/\\\/gipuzkoamt.com\\\/es\\\/leka-enea-tenis-de-mesa\\\/\"]}]},{\"@type\":\"ImageObject\",\"inLanguage\":\"es\",\"@id\":\"https:\\\/\\\/gipuzkoamt.com\\\/es\\\/leka-enea-tenis-de-mesa\\\/#primaryimage\",\"url\":\"https:\\\/\\\/gipuzkoamt.com\\\/es\\\/wp-content\\\/uploads\\\/2024\\\/12\\\/lekaenea.png\",\"contentUrl\":\"https:\\\/\\\/gipuzkoamt.com\\\/es\\\/wp-content\\\/uploads\\\/2024\\\/12\\\/lekaenea.png\",\"width\":202,\"height\":125},{\"@type\":\"BreadcrumbList\",\"@id\":\"https:\\\/\\\/gipuzkoamt.com\\\/es\\\/leka-enea-tenis-de-mesa\\\/#breadcrumb\",\"itemListElement\":[{\"@type\":\"ListItem\",\"position\":1,\"name\":\"Home\",\"item\":\"https:\\\/\\\/gipuzkoamt.com\\\/es\\\/\"},{\"@type\":\"ListItem\",\"position\":2,\"name\":\"Leka Enea Tenis de Mesa\"}]},{\"@type\":\"WebSite\",\"@id\":\"https:\\\/\\\/gipuzkoamt.com\\\/es\\\/#website\",\"url\":\"https:\\\/\\\/gipuzkoamt.com\\\/es\\\/\",\"name\":\"GMTF\",\"description\":\"Gipuzkoako Mahai Tenis Federazioa\",\"publisher\":{\"@id\":\"https:\\\/\\\/gipuzkoamt.com\\\/es\\\/#organization\"},\"potentialAction\":[{\"@type\":\"SearchAction\",\"target\":{\"@type\":\"EntryPoint\",\"urlTemplate\":\"https:\\\/\\\/gipuzkoamt.com\\\/es\\\/?s={search_term_string}\"},\"query-input\":{\"@type\":\"PropertyValueSpecification\",\"valueRequired\":true,\"valueName\":\"search_term_string\"}}],\"inLanguage\":\"es\"},{\"@type\":\"Organization\",\"@id\":\"https:\\\/\\\/gipuzkoamt.com\\\/es\\\/#organization\",\"name\":\"Federaci\u00f3n Guipuzcoana de Tenis de Mesa\",\"url\":\"https:\\\/\\\/gipuzkoamt.com\\\/es\\\/\",\"logo\":{\"@type\":\"ImageObject\",\"inLanguage\":\"es\",\"@id\":\"https:\\\/\\\/gipuzkoamt.com\\\/es\\\/#\\\/schema\\\/logo\\\/image\\\/\",\"url\":\"https:\\\/\\\/gipuzkoamt.com\\\/es\\\/wp-content\\\/uploads\\\/2024\\\/12\\\/Favicon.png\",\"contentUrl\":\"https:\\\/\\\/gipuzkoamt.com\\\/es\\\/wp-content\\\/uploads\\\/2024\\\/12\\\/Favicon.png\",\"width\":250,\"height\":250,\"caption\":\"Federaci\u00f3n Guipuzcoana de Tenis de Mesa\"},\"image\":{\"@id\":\"https:\\\/\\\/gipuzkoamt.com\\\/es\\\/#\\\/schema\\\/logo\\\/image\\\/\"}}]}<\/script>\n<!-- \/ Yoast SEO plugin. -->","yoast_head_json":{"title":"Leka Enea Tenis de Mesa &#8211; GMTF","robots":{"index":"index","follow":"follow","max-snippet":"max-snippet:-1","max-image-preview":"max-image-preview:large","max-video-preview":"max-video-preview:-1"},"canonical":"https:\/\/gipuzkoamt.com\/es\/leka-enea-tenis-de-mesa\/","og_locale":"es_ES","og_type":"article","og_title":"Leka Enea Tenis de Mesa &#8211; GMTF","og_description":"El club Leka Enea Tenis de Mesa, inscrito en el Registro de Entidades Deportivas del Pa\u00eds Vasco el 3 de julio de 1986, es una [...]","og_url":"https:\/\/gipuzkoamt.com\/es\/leka-enea-tenis-de-mesa\/","og_site_name":"GMTF","article_modified_time":"2025-06-04T10:26:55+00:00","og_image":[{"width":202,"height":125,"url":"https:\/\/gipuzkoamt.com\/es\/wp-content\/uploads\/2024\/12\/lekaenea.png","type":"image\/png"}],"twitter_card":"summary_large_image","twitter_misc":{"Tiempo de lectura":"2 minutos"},"schema":{"@context":"https:\/\/schema.org","@graph":[{"@type":"WebPage","@id":"https:\/\/gipuzkoamt.com\/es\/leka-enea-tenis-de-mesa\/","url":"https:\/\/gipuzkoamt.com\/es\/leka-enea-tenis-de-mesa\/","name":"Leka Enea Tenis de Mesa &#8211; GMTF","isPartOf":{"@id":"https:\/\/gipuzkoamt.com\/es\/#website"},"primaryImageOfPage":{"@id":"https:\/\/gipuzkoamt.com\/es\/leka-enea-tenis-de-mesa\/#primaryimage"},"image":{"@id":"https:\/\/gipuzkoamt.com\/es\/leka-enea-tenis-de-mesa\/#primaryimage"},"thumbnailUrl":"https:\/\/gipuzkoamt.com\/es\/wp-content\/uploads\/2024\/12\/lekaenea.png","datePublished":"2024-12-12T13:03:21+00:00","dateModified":"2025-06-04T10:26:55+00:00","breadcrumb":{"@id":"https:\/\/gipuzkoamt.com\/es\/leka-enea-tenis-de-mesa\/#breadcrumb"},"inLanguage":"es","potentialAction":[{"@type":"ReadAction","target":["https:\/\/gipuzkoamt.com\/es\/leka-enea-tenis-de-mesa\/"]}]},{"@type":"ImageObject","inLanguage":"es","@id":"https:\/\/gipuzkoamt.com\/es\/leka-enea-tenis-de-mesa\/#primaryimage","url":"https:\/\/gipuzkoamt.com\/es\/wp-content\/uploads\/2024\/12\/lekaenea.png","contentUrl":"https:\/\/gipuzkoamt.com\/es\/wp-content\/uploads\/2024\/12\/lekaenea.png","width":202,"height":125},{"@type":"BreadcrumbList","@id":"https:\/\/gipuzkoamt.com\/es\/leka-enea-tenis-de-mesa\/#breadcrumb","itemListElement":[{"@type":"ListItem","position":1,"name":"Home","item":"https:\/\/gipuzkoamt.com\/es\/"},{"@type":"ListItem","position":2,"name":"Leka Enea Tenis de Mesa"}]},{"@type":"WebSite","@id":"https:\/\/gipuzkoamt.com\/es\/#website","url":"https:\/\/gipuzkoamt.com\/es\/","name":"GMTF","description":"Gipuzkoako Mahai Tenis Federazioa","publisher":{"@id":"https:\/\/gipuzkoamt.com\/es\/#organization"},"potentialAction":[{"@type":"SearchAction","target":{"@type":"EntryPoint","urlTemplate":"https:\/\/gipuzkoamt.com\/es\/?s={search_term_string}"},"query-input":{"@type":"PropertyValueSpecification","valueRequired":true,"valueName":"search_term_string"}}],"inLanguage":"es"},{"@type":"Organization","@id":"https:\/\/gipuzkoamt.com\/es\/#organization","name":"Federaci\u00f3n Guipuzcoana de Tenis de Mesa","url":"https:\/\/gipuzkoamt.com\/es\/","logo":{"@type":"ImageObject","inLanguage":"es","@id":"https:\/\/gipuzkoamt.com\/es\/#\/schema\/logo\/image\/","url":"https:\/\/gipuzkoamt.com\/es\/wp-content\/uploads\/2024\/12\/Favicon.png","contentUrl":"https:\/\/gipuzkoamt.com\/es\/wp-content\/uploads\/2024\/12\/Favicon.png","width":250,"height":250,"caption":"Federaci\u00f3n Guipuzcoana de Tenis de Mesa"},"image":{"@id":"https:\/\/gipuzkoamt.com\/es\/#\/schema\/logo\/image\/"}}]}},"_links":{"self":[{"href":"https:\/\/gipuzkoamt.com\/es\/wp-json\/wp\/v2\/pages\/32","targetHints":{"allow":["GET"]}}],"collection":[{"href":"https:\/\/gipuzkoamt.com\/es\/wp-json\/wp\/v2\/pages"}],"about":[{"href":"https:\/\/gipuzkoamt.com\/es\/wp-json\/wp\/v2\/types\/page"}],"author":[{"embeddable":true,"href":"https:\/\/gipuzkoamt.com\/es\/wp-json\/wp\/v2\/users\/1"}],"replies":[{"embeddable":true,"href":"https:\/\/gipuzkoamt.com\/es\/wp-json\/wp\/v2\/comments?post=32"}],"version-history":[{"count":4,"href":"https:\/\/gipuzkoamt.com\/es\/wp-json\/wp\/v2\/pages\/32\/revisions"}],"predecessor-version":[{"id":387,"href":"https:\/\/gipuzkoamt.com\/es\/wp-json\/wp\/v2\/pages\/32\/revisions\/387"}],"wp:attachment":[{"href":"https:\/\/gipuzkoamt.com\/es\/wp-json\/wp\/v2\/media?parent=32"}],"curies":[{"name":"wp","href":"https:\/\/api.w.org\/{rel}","templated":true}]}}