{"id":28,"date":"2024-12-12T13:56:56","date_gmt":"2024-12-12T12:56:56","guid":{"rendered":"https:\/\/gipuzkoamt.com\/es\/?page_id=28"},"modified":"2025-01-08T13:11:51","modified_gmt":"2025-01-08T12:11:51","slug":"contacto","status":"publish","type":"page","link":"https:\/\/gipuzkoamt.com\/es\/contacto\/","title":{"rendered":"Contacto"},"content":{"rendered":"<p>Muchas gracias por tu inter\u00e9s en contactar con la Federaci\u00f3n Guipuzcoana de Tenis de Mesa. <\/p>\n<p>Puedes hacerlo a trav\u00e9s de info@gipuzkoamt.eus o rellenando el siguiente formulario.<\/p>\n\n<div class=\"wpcf7 no-js\" id=\"wpcf7-f6-o1\" lang=\"en-US\" dir=\"ltr\" data-wpcf7-id=\"6\">\n<div class=\"screen-reader-response\"><p role=\"status\" aria-live=\"polite\" aria-atomic=\"true\"><\/p> <ul><\/ul><\/div>\n<form action=\"\/es\/wp-json\/wp\/v2\/pages\/28#wpcf7-f6-o1\" method=\"post\" class=\"wpcf7-form init\" aria-label=\"Contact form\" novalidate=\"novalidate\" data-status=\"init\">\n<div style=\"display: none;\">\n<input type=\"hidden\" name=\"_wpcf7\" value=\"6\" \/>\n<input type=\"hidden\" name=\"_wpcf7_version\" value=\"6.0.6\" \/>\n<input type=\"hidden\" name=\"_wpcf7_locale\" value=\"en_US\" \/>\n<input type=\"hidden\" name=\"_wpcf7_unit_tag\" value=\"wpcf7-f6-o1\" \/>\n<input type=\"hidden\" name=\"_wpcf7_container_post\" value=\"0\" \/>\n<input type=\"hidden\" name=\"_wpcf7_posted_data_hash\" value=\"\" \/>\n<\/div>\n<p><label>Escribe tu nombre y apellidos<br \/>\n<span class=\"wpcf7-form-control-wrap\" data-name=\"your-name\"><input size=\"40\" maxlength=\"400\" class=\"wpcf7-form-control wpcf7-text wpcf7-validates-as-required\" autocomplete=\"name\" aria-required=\"true\" aria-invalid=\"false\" value=\"\" type=\"text\" name=\"your-name\" \/><\/span> <\/label>\n<\/p>\n<p><label>Introduce tu correo electr\u00f3nico<br \/>\n<span class=\"wpcf7-form-control-wrap\" data-name=\"your-email\"><input size=\"40\" maxlength=\"400\" class=\"wpcf7-form-control wpcf7-email wpcf7-validates-as-required wpcf7-text wpcf7-validates-as-email\" autocomplete=\"email\" aria-required=\"true\" aria-invalid=\"false\" value=\"\" type=\"email\" name=\"your-email\" \/><\/span> <\/label>\n<\/p>\n<p><label>Elige el motivo de contacto<br \/>\n<span class=\"wpcf7-form-control-wrap\" data-name=\"your-select\"><select class=\"wpcf7-form-control wpcf7-select wpcf7-validates-as-required\" aria-required=\"true\" aria-invalid=\"false\" name=\"your-select\"><option value=\"Tr\u00e1mites federativos\">Tr\u00e1mites federativos<\/option><option value=\"Practicar tenis de mesa\">Practicar tenis de mesa<\/option><option value=\"Otras cuestiones\">Otras cuestiones<\/option><\/select><\/span> <\/label>\n<\/p>\n<p><label>Redacta tu mensaje<br \/>\n<span class=\"wpcf7-form-control-wrap\" data-name=\"your-message\"><textarea cols=\"40\" rows=\"10\" maxlength=\"2000\" class=\"wpcf7-form-control wpcf7-textarea wpcf7-validates-as-required\" aria-required=\"true\" aria-invalid=\"false\" name=\"your-message\"><\/textarea><\/span> <\/label>\n<\/p>\n<p><span class=\"wpcf7-form-control-wrap\" data-name=\"math-quiz\"><label><span class=\"wpcf7-quiz-label\">4+3=?<\/span> <input size=\"40\" class=\"wpcf7-form-control wpcf7-quiz\" autocomplete=\"off\" aria-required=\"true\" aria-invalid=\"false\" type=\"text\" name=\"math-quiz\" \/><\/label><input type=\"hidden\" name=\"_wpcf7_quiz_answer_math-quiz\" value=\"92eb98493f63b976f324e936d18592f0\" \/><\/span>\n<\/p>\n<p><span class=\"wpcf7-form-control-wrap\" data-name=\"acceptance-165\"><span class=\"wpcf7-form-control wpcf7-acceptance\"><span class=\"wpcf7-list-item\"><input type=\"checkbox\" name=\"acceptance-165\" value=\"1\" aria-invalid=\"false\" \/><\/span><\/span><\/span> Acepto la <strong><a href=\"https:\/\/gipuzkoamt.com\/es\/privacidad-y-proteccion-de-datos\/\" target=\"_blank\">pol\u00edtica de privacidad<\/a><\/strong>\n<\/p>\n<p><input class=\"wpcf7-form-control wpcf7-submit has-spinner\" type=\"submit\" value=\"Enviar formulario\" \/>\n<\/p><div class=\"wpcf7-response-output\" aria-hidden=\"true\"><\/div>\n<\/form>\n<\/div>\n\n","protected":false},"excerpt":{"rendered":"<p>Muchas gracias por tu inter\u00e9s en contactar con la Federaci\u00f3n Guipuzcoana de Tenis de Mesa. Puedes hacerlo a trav\u00e9s de info@gipuzkoamt.eus o rellenando el siguiente [&#8230;]<\/p>\n","protected":false},"author":1,"featured_media":0,"parent":0,"menu_order":0,"comment_status":"closed","ping_status":"closed","template":"","meta":{"footnotes":""},"class_list":["post-28","page","type-page","status-publish","hentry"],"yoast_head":"<!-- This site is optimized with the Yoast SEO plugin v27.4 - https:\/\/yoast.com\/product\/yoast-seo-wordpress\/ -->\n<title>Contacto &#8211; GMTF<\/title>\n<meta name=\"robots\" content=\"index, follow, max-snippet:-1, max-image-preview:large, max-video-preview:-1\" \/>\n<link rel=\"canonical\" href=\"https:\/\/gipuzkoamt.com\/es\/contacto\/\" \/>\n<meta property=\"og:locale\" content=\"es_ES\" \/>\n<meta property=\"og:type\" content=\"article\" \/>\n<meta property=\"og:title\" content=\"Contacto &#8211; GMTF\" \/>\n<meta property=\"og:description\" content=\"Muchas gracias por tu inter\u00e9s en contactar con la Federaci\u00f3n Guipuzcoana de Tenis de Mesa. Puedes hacerlo a trav\u00e9s de info@gipuzkoamt.eus o rellenando el siguiente [...]\" \/>\n<meta property=\"og:url\" content=\"https:\/\/gipuzkoamt.com\/es\/contacto\/\" \/>\n<meta property=\"og:site_name\" content=\"GMTF\" \/>\n<meta property=\"article:modified_time\" content=\"2025-01-08T12:11:51+00:00\" \/>\n<meta property=\"og:image\" content=\"https:\/\/gipuzkoamt.com\/es\/wp-content\/uploads\/2024\/12\/Favicon.png\" \/>\n\t<meta property=\"og:image:width\" content=\"250\" \/>\n\t<meta property=\"og:image:height\" content=\"250\" \/>\n\t<meta property=\"og:image:type\" content=\"image\/png\" \/>\n<meta name=\"twitter:card\" content=\"summary_large_image\" \/>\n<meta name=\"twitter:label1\" content=\"Tiempo de lectura\" \/>\n\t<meta name=\"twitter:data1\" content=\"1 minuto\" \/>\n<script type=\"application\/ld+json\" class=\"yoast-schema-graph\">{\"@context\":\"https:\\\/\\\/schema.org\",\"@graph\":[{\"@type\":\"WebPage\",\"@id\":\"https:\\\/\\\/gipuzkoamt.com\\\/es\\\/contacto\\\/\",\"url\":\"https:\\\/\\\/gipuzkoamt.com\\\/es\\\/contacto\\\/\",\"name\":\"Contacto &#8211; GMTF\",\"isPartOf\":{\"@id\":\"https:\\\/\\\/gipuzkoamt.com\\\/es\\\/#website\"},\"datePublished\":\"2024-12-12T12:56:56+00:00\",\"dateModified\":\"2025-01-08T12:11:51+00:00\",\"breadcrumb\":{\"@id\":\"https:\\\/\\\/gipuzkoamt.com\\\/es\\\/contacto\\\/#breadcrumb\"},\"inLanguage\":\"es\",\"potentialAction\":[{\"@type\":\"ReadAction\",\"target\":[\"https:\\\/\\\/gipuzkoamt.com\\\/es\\\/contacto\\\/\"]}]},{\"@type\":\"BreadcrumbList\",\"@id\":\"https:\\\/\\\/gipuzkoamt.com\\\/es\\\/contacto\\\/#breadcrumb\",\"itemListElement\":[{\"@type\":\"ListItem\",\"position\":1,\"name\":\"Home\",\"item\":\"https:\\\/\\\/gipuzkoamt.com\\\/es\\\/\"},{\"@type\":\"ListItem\",\"position\":2,\"name\":\"Contacto\"}]},{\"@type\":\"WebSite\",\"@id\":\"https:\\\/\\\/gipuzkoamt.com\\\/es\\\/#website\",\"url\":\"https:\\\/\\\/gipuzkoamt.com\\\/es\\\/\",\"name\":\"GMTF\",\"description\":\"Gipuzkoako Mahai Tenis Federazioa\",\"publisher\":{\"@id\":\"https:\\\/\\\/gipuzkoamt.com\\\/es\\\/#organization\"},\"potentialAction\":[{\"@type\":\"SearchAction\",\"target\":{\"@type\":\"EntryPoint\",\"urlTemplate\":\"https:\\\/\\\/gipuzkoamt.com\\\/es\\\/?s={search_term_string}\"},\"query-input\":{\"@type\":\"PropertyValueSpecification\",\"valueRequired\":true,\"valueName\":\"search_term_string\"}}],\"inLanguage\":\"es\"},{\"@type\":\"Organization\",\"@id\":\"https:\\\/\\\/gipuzkoamt.com\\\/es\\\/#organization\",\"name\":\"Federaci\u00f3n Guipuzcoana de Tenis de Mesa\",\"url\":\"https:\\\/\\\/gipuzkoamt.com\\\/es\\\/\",\"logo\":{\"@type\":\"ImageObject\",\"inLanguage\":\"es\",\"@id\":\"https:\\\/\\\/gipuzkoamt.com\\\/es\\\/#\\\/schema\\\/logo\\\/image\\\/\",\"url\":\"https:\\\/\\\/gipuzkoamt.com\\\/es\\\/wp-content\\\/uploads\\\/2024\\\/12\\\/Favicon.png\",\"contentUrl\":\"https:\\\/\\\/gipuzkoamt.com\\\/es\\\/wp-content\\\/uploads\\\/2024\\\/12\\\/Favicon.png\",\"width\":250,\"height\":250,\"caption\":\"Federaci\u00f3n Guipuzcoana de Tenis de Mesa\"},\"image\":{\"@id\":\"https:\\\/\\\/gipuzkoamt.com\\\/es\\\/#\\\/schema\\\/logo\\\/image\\\/\"}}]}<\/script>\n<!-- \/ Yoast SEO plugin. -->","yoast_head_json":{"title":"Contacto &#8211; GMTF","robots":{"index":"index","follow":"follow","max-snippet":"max-snippet:-1","max-image-preview":"max-image-preview:large","max-video-preview":"max-video-preview:-1"},"canonical":"https:\/\/gipuzkoamt.com\/es\/contacto\/","og_locale":"es_ES","og_type":"article","og_title":"Contacto &#8211; GMTF","og_description":"Muchas gracias por tu inter\u00e9s en contactar con la Federaci\u00f3n Guipuzcoana de Tenis de Mesa. Puedes hacerlo a trav\u00e9s de info@gipuzkoamt.eus o rellenando el siguiente [...]","og_url":"https:\/\/gipuzkoamt.com\/es\/contacto\/","og_site_name":"GMTF","article_modified_time":"2025-01-08T12:11:51+00:00","og_image":[{"width":250,"height":250,"url":"https:\/\/gipuzkoamt.com\/es\/wp-content\/uploads\/2024\/12\/Favicon.png","type":"image\/png"}],"twitter_card":"summary_large_image","twitter_misc":{"Tiempo de lectura":"1 minuto"},"schema":{"@context":"https:\/\/schema.org","@graph":[{"@type":"WebPage","@id":"https:\/\/gipuzkoamt.com\/es\/contacto\/","url":"https:\/\/gipuzkoamt.com\/es\/contacto\/","name":"Contacto &#8211; GMTF","isPartOf":{"@id":"https:\/\/gipuzkoamt.com\/es\/#website"},"datePublished":"2024-12-12T12:56:56+00:00","dateModified":"2025-01-08T12:11:51+00:00","breadcrumb":{"@id":"https:\/\/gipuzkoamt.com\/es\/contacto\/#breadcrumb"},"inLanguage":"es","potentialAction":[{"@type":"ReadAction","target":["https:\/\/gipuzkoamt.com\/es\/contacto\/"]}]},{"@type":"BreadcrumbList","@id":"https:\/\/gipuzkoamt.com\/es\/contacto\/#breadcrumb","itemListElement":[{"@type":"ListItem","position":1,"name":"Home","item":"https:\/\/gipuzkoamt.com\/es\/"},{"@type":"ListItem","position":2,"name":"Contacto"}]},{"@type":"WebSite","@id":"https:\/\/gipuzkoamt.com\/es\/#website","url":"https:\/\/gipuzkoamt.com\/es\/","name":"GMTF","description":"Gipuzkoako Mahai Tenis Federazioa","publisher":{"@id":"https:\/\/gipuzkoamt.com\/es\/#organization"},"potentialAction":[{"@type":"SearchAction","target":{"@type":"EntryPoint","urlTemplate":"https:\/\/gipuzkoamt.com\/es\/?s={search_term_string}"},"query-input":{"@type":"PropertyValueSpecification","valueRequired":true,"valueName":"search_term_string"}}],"inLanguage":"es"},{"@type":"Organization","@id":"https:\/\/gipuzkoamt.com\/es\/#organization","name":"Federaci\u00f3n Guipuzcoana de Tenis de Mesa","url":"https:\/\/gipuzkoamt.com\/es\/","logo":{"@type":"ImageObject","inLanguage":"es","@id":"https:\/\/gipuzkoamt.com\/es\/#\/schema\/logo\/image\/","url":"https:\/\/gipuzkoamt.com\/es\/wp-content\/uploads\/2024\/12\/Favicon.png","contentUrl":"https:\/\/gipuzkoamt.com\/es\/wp-content\/uploads\/2024\/12\/Favicon.png","width":250,"height":250,"caption":"Federaci\u00f3n Guipuzcoana de Tenis de Mesa"},"image":{"@id":"https:\/\/gipuzkoamt.com\/es\/#\/schema\/logo\/image\/"}}]}},"_links":{"self":[{"href":"https:\/\/gipuzkoamt.com\/es\/wp-json\/wp\/v2\/pages\/28","targetHints":{"allow":["GET"]}}],"collection":[{"href":"https:\/\/gipuzkoamt.com\/es\/wp-json\/wp\/v2\/pages"}],"about":[{"href":"https:\/\/gipuzkoamt.com\/es\/wp-json\/wp\/v2\/types\/page"}],"author":[{"embeddable":true,"href":"https:\/\/gipuzkoamt.com\/es\/wp-json\/wp\/v2\/users\/1"}],"replies":[{"embeddable":true,"href":"https:\/\/gipuzkoamt.com\/es\/wp-json\/wp\/v2\/comments?post=28"}],"version-history":[{"count":4,"href":"https:\/\/gipuzkoamt.com\/es\/wp-json\/wp\/v2\/pages\/28\/revisions"}],"predecessor-version":[{"id":193,"href":"https:\/\/gipuzkoamt.com\/es\/wp-json\/wp\/v2\/pages\/28\/revisions\/193"}],"wp:attachment":[{"href":"https:\/\/gipuzkoamt.com\/es\/wp-json\/wp\/v2\/media?parent=28"}],"curies":[{"name":"wp","href":"https:\/\/api.w.org\/{rel}","templated":true}]}}