{"id":22,"date":"2024-12-12T13:52:31","date_gmt":"2024-12-12T12:52:31","guid":{"rendered":"https:\/\/gipuzkoamt.com\/es\/?page_id=22"},"modified":"2025-06-28T12:06:13","modified_gmt":"2025-06-28T11:06:13","slug":"marpex-beraun-errenteria","status":"publish","type":"page","link":"https:\/\/gipuzkoamt.com\/es\/marpex-beraun-errenteria\/","title":{"rendered":"Marpex Beraun Errenteria"},"content":{"rendered":"<p><img loading=\"lazy\" decoding=\"async\" class=\"size-medium wp-image-23 aligncenter\" src=\"https:\/\/gipuzkoamt.com\/es\/wp-content\/uploads\/2024\/12\/Logo-Marpex-Beraun-Errenteria-300x108.png\" alt=\"\" width=\"300\" height=\"108\" srcset=\"https:\/\/gipuzkoamt.com\/es\/wp-content\/uploads\/2024\/12\/Logo-Marpex-Beraun-Errenteria-300x108.png 300w, https:\/\/gipuzkoamt.com\/es\/wp-content\/uploads\/2024\/12\/Logo-Marpex-Beraun-Errenteria.png 340w\" sizes=\"auto, (max-width: 300px) 100vw, 300px\" \/><\/p>\n<p>El Club Deportivo Marpex Beraun Errenteria Tenis de Mesa fue inscrito en el Registro de Entidades Deportivas del Pa\u00eds Vasco el 1 de febrero de 2012 por un grupo de entusiastas de este deporte.<\/p>\n<p>Desde entonces, el club ha ido creciendo en n\u00famero de fichas, equipos federados y palmar\u00e9s, convirti\u00e9ndose en uno de los clubes de referencia del tenis de mesa guipuzcoano y vasco. En la actualidad, el Club Deportivo Marpex Beraun Errenteria Tenis de Mesa est\u00e1 formado por m\u00e1s de 50 jugadores\/as federados\/as de todas las edades que compiten en las diferentes divisiones auton\u00f3micas y estatales.<\/p>\n<p>El club ha creado una Escuela de Tenis de Mesa dirigida a ni\u00f1os\/as de diferentes edades con el objetivo de acercar y difundir nuestro deporte, fomentar la sociabilizaci\u00f3n y el compa\u00f1erismo, la diversi\u00f3n y los h\u00e1bitos de vida saludables. Tambi\u00e9n cuenta con un grupo de jugadores\/as veteranos\/as cada vez m\u00e1s nutrido.<\/p>\n<p><strong>P\u00e1gina web: <a href=\"https:\/\/www.beraunerrenteria.com\" target=\"_blank\">www.beraunerrenteria.com<\/a><\/strong><br \/>\n<strong>Ubicaci\u00f3n: Sorgintxulo, 6. 20100 Errenteria<\/strong><\/p>\n","protected":false},"excerpt":{"rendered":"<p>El Club Deportivo Marpex Beraun Errenteria Tenis de Mesa fue inscrito en el Registro de Entidades Deportivas del Pa\u00eds Vasco el 1 de febrero de [&#8230;]<\/p>\n","protected":false},"author":1,"featured_media":0,"parent":0,"menu_order":0,"comment_status":"closed","ping_status":"closed","template":"","meta":{"footnotes":""},"class_list":["post-22","page","type-page","status-publish","hentry"],"yoast_head":"<!-- This site is optimized with the Yoast SEO plugin v27.4 - https:\/\/yoast.com\/product\/yoast-seo-wordpress\/ -->\n<title>Marpex Beraun Errenteria &#8211; GMTF<\/title>\n<meta name=\"robots\" content=\"index, follow, max-snippet:-1, max-image-preview:large, max-video-preview:-1\" \/>\n<link rel=\"canonical\" href=\"https:\/\/gipuzkoamt.com\/es\/marpex-beraun-errenteria\/\" \/>\n<meta property=\"og:locale\" content=\"es_ES\" \/>\n<meta property=\"og:type\" content=\"article\" \/>\n<meta property=\"og:title\" content=\"Marpex Beraun Errenteria &#8211; GMTF\" \/>\n<meta property=\"og:description\" content=\"El Club Deportivo Marpex Beraun Errenteria Tenis de Mesa fue inscrito en el Registro de Entidades Deportivas del Pa\u00eds Vasco el 1 de febrero de [...]\" \/>\n<meta property=\"og:url\" content=\"https:\/\/gipuzkoamt.com\/es\/marpex-beraun-errenteria\/\" \/>\n<meta property=\"og:site_name\" content=\"GMTF\" \/>\n<meta property=\"article:modified_time\" content=\"2025-06-28T11:06:13+00:00\" \/>\n<meta property=\"og:image\" content=\"https:\/\/gipuzkoamt.com\/es\/wp-content\/uploads\/2024\/12\/Logo-Marpex-Beraun-Errenteria.png\" \/>\n\t<meta property=\"og:image:width\" content=\"340\" \/>\n\t<meta property=\"og:image:height\" content=\"122\" \/>\n\t<meta property=\"og:image:type\" content=\"image\/png\" \/>\n<meta name=\"twitter:card\" content=\"summary_large_image\" \/>\n<meta name=\"twitter:label1\" content=\"Tiempo de lectura\" \/>\n\t<meta name=\"twitter:data1\" content=\"1 minuto\" \/>\n<script type=\"application\/ld+json\" class=\"yoast-schema-graph\">{\"@context\":\"https:\\\/\\\/schema.org\",\"@graph\":[{\"@type\":\"WebPage\",\"@id\":\"https:\\\/\\\/gipuzkoamt.com\\\/es\\\/marpex-beraun-errenteria\\\/\",\"url\":\"https:\\\/\\\/gipuzkoamt.com\\\/es\\\/marpex-beraun-errenteria\\\/\",\"name\":\"Marpex Beraun Errenteria &#8211; GMTF\",\"isPartOf\":{\"@id\":\"https:\\\/\\\/gipuzkoamt.com\\\/es\\\/#website\"},\"primaryImageOfPage\":{\"@id\":\"https:\\\/\\\/gipuzkoamt.com\\\/es\\\/marpex-beraun-errenteria\\\/#primaryimage\"},\"image\":{\"@id\":\"https:\\\/\\\/gipuzkoamt.com\\\/es\\\/marpex-beraun-errenteria\\\/#primaryimage\"},\"thumbnailUrl\":\"https:\\\/\\\/gipuzkoamt.com\\\/es\\\/wp-content\\\/uploads\\\/2024\\\/12\\\/Logo-Marpex-Beraun-Errenteria-300x108.png\",\"datePublished\":\"2024-12-12T12:52:31+00:00\",\"dateModified\":\"2025-06-28T11:06:13+00:00\",\"breadcrumb\":{\"@id\":\"https:\\\/\\\/gipuzkoamt.com\\\/es\\\/marpex-beraun-errenteria\\\/#breadcrumb\"},\"inLanguage\":\"es\",\"potentialAction\":[{\"@type\":\"ReadAction\",\"target\":[\"https:\\\/\\\/gipuzkoamt.com\\\/es\\\/marpex-beraun-errenteria\\\/\"]}]},{\"@type\":\"ImageObject\",\"inLanguage\":\"es\",\"@id\":\"https:\\\/\\\/gipuzkoamt.com\\\/es\\\/marpex-beraun-errenteria\\\/#primaryimage\",\"url\":\"https:\\\/\\\/gipuzkoamt.com\\\/es\\\/wp-content\\\/uploads\\\/2024\\\/12\\\/Logo-Marpex-Beraun-Errenteria.png\",\"contentUrl\":\"https:\\\/\\\/gipuzkoamt.com\\\/es\\\/wp-content\\\/uploads\\\/2024\\\/12\\\/Logo-Marpex-Beraun-Errenteria.png\",\"width\":340,\"height\":122},{\"@type\":\"BreadcrumbList\",\"@id\":\"https:\\\/\\\/gipuzkoamt.com\\\/es\\\/marpex-beraun-errenteria\\\/#breadcrumb\",\"itemListElement\":[{\"@type\":\"ListItem\",\"position\":1,\"name\":\"Home\",\"item\":\"https:\\\/\\\/gipuzkoamt.com\\\/es\\\/\"},{\"@type\":\"ListItem\",\"position\":2,\"name\":\"Marpex Beraun Errenteria\"}]},{\"@type\":\"WebSite\",\"@id\":\"https:\\\/\\\/gipuzkoamt.com\\\/es\\\/#website\",\"url\":\"https:\\\/\\\/gipuzkoamt.com\\\/es\\\/\",\"name\":\"GMTF\",\"description\":\"Gipuzkoako Mahai Tenis Federazioa\",\"publisher\":{\"@id\":\"https:\\\/\\\/gipuzkoamt.com\\\/es\\\/#organization\"},\"potentialAction\":[{\"@type\":\"SearchAction\",\"target\":{\"@type\":\"EntryPoint\",\"urlTemplate\":\"https:\\\/\\\/gipuzkoamt.com\\\/es\\\/?s={search_term_string}\"},\"query-input\":{\"@type\":\"PropertyValueSpecification\",\"valueRequired\":true,\"valueName\":\"search_term_string\"}}],\"inLanguage\":\"es\"},{\"@type\":\"Organization\",\"@id\":\"https:\\\/\\\/gipuzkoamt.com\\\/es\\\/#organization\",\"name\":\"Federaci\u00f3n Guipuzcoana de Tenis de Mesa\",\"url\":\"https:\\\/\\\/gipuzkoamt.com\\\/es\\\/\",\"logo\":{\"@type\":\"ImageObject\",\"inLanguage\":\"es\",\"@id\":\"https:\\\/\\\/gipuzkoamt.com\\\/es\\\/#\\\/schema\\\/logo\\\/image\\\/\",\"url\":\"https:\\\/\\\/gipuzkoamt.com\\\/es\\\/wp-content\\\/uploads\\\/2024\\\/12\\\/Favicon.png\",\"contentUrl\":\"https:\\\/\\\/gipuzkoamt.com\\\/es\\\/wp-content\\\/uploads\\\/2024\\\/12\\\/Favicon.png\",\"width\":250,\"height\":250,\"caption\":\"Federaci\u00f3n Guipuzcoana de Tenis de Mesa\"},\"image\":{\"@id\":\"https:\\\/\\\/gipuzkoamt.com\\\/es\\\/#\\\/schema\\\/logo\\\/image\\\/\"}}]}<\/script>\n<!-- \/ Yoast SEO plugin. -->","yoast_head_json":{"title":"Marpex Beraun Errenteria &#8211; GMTF","robots":{"index":"index","follow":"follow","max-snippet":"max-snippet:-1","max-image-preview":"max-image-preview:large","max-video-preview":"max-video-preview:-1"},"canonical":"https:\/\/gipuzkoamt.com\/es\/marpex-beraun-errenteria\/","og_locale":"es_ES","og_type":"article","og_title":"Marpex Beraun Errenteria &#8211; GMTF","og_description":"El Club Deportivo Marpex Beraun Errenteria Tenis de Mesa fue inscrito en el Registro de Entidades Deportivas del Pa\u00eds Vasco el 1 de febrero de [...]","og_url":"https:\/\/gipuzkoamt.com\/es\/marpex-beraun-errenteria\/","og_site_name":"GMTF","article_modified_time":"2025-06-28T11:06:13+00:00","og_image":[{"width":340,"height":122,"url":"https:\/\/gipuzkoamt.com\/es\/wp-content\/uploads\/2024\/12\/Logo-Marpex-Beraun-Errenteria.png","type":"image\/png"}],"twitter_card":"summary_large_image","twitter_misc":{"Tiempo de lectura":"1 minuto"},"schema":{"@context":"https:\/\/schema.org","@graph":[{"@type":"WebPage","@id":"https:\/\/gipuzkoamt.com\/es\/marpex-beraun-errenteria\/","url":"https:\/\/gipuzkoamt.com\/es\/marpex-beraun-errenteria\/","name":"Marpex Beraun Errenteria &#8211; GMTF","isPartOf":{"@id":"https:\/\/gipuzkoamt.com\/es\/#website"},"primaryImageOfPage":{"@id":"https:\/\/gipuzkoamt.com\/es\/marpex-beraun-errenteria\/#primaryimage"},"image":{"@id":"https:\/\/gipuzkoamt.com\/es\/marpex-beraun-errenteria\/#primaryimage"},"thumbnailUrl":"https:\/\/gipuzkoamt.com\/es\/wp-content\/uploads\/2024\/12\/Logo-Marpex-Beraun-Errenteria-300x108.png","datePublished":"2024-12-12T12:52:31+00:00","dateModified":"2025-06-28T11:06:13+00:00","breadcrumb":{"@id":"https:\/\/gipuzkoamt.com\/es\/marpex-beraun-errenteria\/#breadcrumb"},"inLanguage":"es","potentialAction":[{"@type":"ReadAction","target":["https:\/\/gipuzkoamt.com\/es\/marpex-beraun-errenteria\/"]}]},{"@type":"ImageObject","inLanguage":"es","@id":"https:\/\/gipuzkoamt.com\/es\/marpex-beraun-errenteria\/#primaryimage","url":"https:\/\/gipuzkoamt.com\/es\/wp-content\/uploads\/2024\/12\/Logo-Marpex-Beraun-Errenteria.png","contentUrl":"https:\/\/gipuzkoamt.com\/es\/wp-content\/uploads\/2024\/12\/Logo-Marpex-Beraun-Errenteria.png","width":340,"height":122},{"@type":"BreadcrumbList","@id":"https:\/\/gipuzkoamt.com\/es\/marpex-beraun-errenteria\/#breadcrumb","itemListElement":[{"@type":"ListItem","position":1,"name":"Home","item":"https:\/\/gipuzkoamt.com\/es\/"},{"@type":"ListItem","position":2,"name":"Marpex Beraun Errenteria"}]},{"@type":"WebSite","@id":"https:\/\/gipuzkoamt.com\/es\/#website","url":"https:\/\/gipuzkoamt.com\/es\/","name":"GMTF","description":"Gipuzkoako Mahai Tenis Federazioa","publisher":{"@id":"https:\/\/gipuzkoamt.com\/es\/#organization"},"potentialAction":[{"@type":"SearchAction","target":{"@type":"EntryPoint","urlTemplate":"https:\/\/gipuzkoamt.com\/es\/?s={search_term_string}"},"query-input":{"@type":"PropertyValueSpecification","valueRequired":true,"valueName":"search_term_string"}}],"inLanguage":"es"},{"@type":"Organization","@id":"https:\/\/gipuzkoamt.com\/es\/#organization","name":"Federaci\u00f3n Guipuzcoana de Tenis de Mesa","url":"https:\/\/gipuzkoamt.com\/es\/","logo":{"@type":"ImageObject","inLanguage":"es","@id":"https:\/\/gipuzkoamt.com\/es\/#\/schema\/logo\/image\/","url":"https:\/\/gipuzkoamt.com\/es\/wp-content\/uploads\/2024\/12\/Favicon.png","contentUrl":"https:\/\/gipuzkoamt.com\/es\/wp-content\/uploads\/2024\/12\/Favicon.png","width":250,"height":250,"caption":"Federaci\u00f3n Guipuzcoana de Tenis de Mesa"},"image":{"@id":"https:\/\/gipuzkoamt.com\/es\/#\/schema\/logo\/image\/"}}]}},"_links":{"self":[{"href":"https:\/\/gipuzkoamt.com\/es\/wp-json\/wp\/v2\/pages\/22","targetHints":{"allow":["GET"]}}],"collection":[{"href":"https:\/\/gipuzkoamt.com\/es\/wp-json\/wp\/v2\/pages"}],"about":[{"href":"https:\/\/gipuzkoamt.com\/es\/wp-json\/wp\/v2\/types\/page"}],"author":[{"embeddable":true,"href":"https:\/\/gipuzkoamt.com\/es\/wp-json\/wp\/v2\/users\/1"}],"replies":[{"embeddable":true,"href":"https:\/\/gipuzkoamt.com\/es\/wp-json\/wp\/v2\/comments?post=22"}],"version-history":[{"count":6,"href":"https:\/\/gipuzkoamt.com\/es\/wp-json\/wp\/v2\/pages\/22\/revisions"}],"predecessor-version":[{"id":448,"href":"https:\/\/gipuzkoamt.com\/es\/wp-json\/wp\/v2\/pages\/22\/revisions\/448"}],"wp:attachment":[{"href":"https:\/\/gipuzkoamt.com\/es\/wp-json\/wp\/v2\/media?parent=22"}],"curies":[{"name":"wp","href":"https:\/\/api.w.org\/{rel}","templated":true}]}}