{"id":20,"date":"2024-12-12T13:49:31","date_gmt":"2024-12-12T12:49:31","guid":{"rendered":"https:\/\/gipuzkoamt.com\/es\/?page_id=20"},"modified":"2024-12-14T15:01:20","modified_gmt":"2024-12-14T14:01:20","slug":"presentacion","status":"publish","type":"page","link":"https:\/\/gipuzkoamt.com\/es\/presentacion\/","title":{"rendered":"Presentaci\u00f3n"},"content":{"rendered":"<p>Inscrita en el Registro de Actividades Deportivas del Pa\u00eds Vasco el 5 de mayo de 1986 con el n\u00famero 95, la Federaci\u00f3n Guipuzcoana de Tenis de Mesa\u00a0es la entidad privada sin \u00e1nimo de lucro, con personalidad jur\u00eddica y capacidad de obrar, que re\u00fane a deportistas, t\u00e9cnicas y t\u00e9cnicos, juezas y jueces, clubes, agrupaciones deportivas y otras entidades para la pr\u00e1ctica, promoci\u00f3n y organizaci\u00f3n de la modalidad de tenis de mesa en Gipuzkoa.<\/p>\n<p>Esta federaci\u00f3n se rige por la Ley 2\/2023, de 30 de marzo, de la actividad f\u00edsica y del deporte del Pa\u00eds Vasco; as\u00ed como por el Decreto 16\/2006, de 31 de enero, de Federaciones Deportivas del Pa\u00eds Vasco, por la Orden de 22 de octubre de 2024, de la Consejera de Cultura y Pol\u00edtica Ling\u00fc\u00edstica, por la que se establecen los criterios para la elaboraci\u00f3n de reglamentos electorales y para la realizaci\u00f3n de elecciones de las federaciones deportivas vascas y territoriales y dem\u00e1s disposiciones reglamentarias, por los Estatutos y reglamentos espec\u00edficos y por los acuerdos v\u00e1lidamente adoptados por sus \u00f3rganos propios.<\/p>\n<p>La Federaci\u00f3n Guipuzcoana de Tenis de Mesa impulsa, califica, autoriza, ordena y organiza las actividades y competiciones oficiales de la modalidad deportiva del tenis de mesa\u00a0en sus diversas disciplinas, as\u00ed como promociona la pr\u00e1ctica deportiva de car\u00e1cter recreativo.<\/p>\n<p>Integrada en la Federaci\u00f3n Vasca de Tenis de Mesa, la Federaci\u00f3n Guipuzcoana de Tenis de Mesa ostenta la representaci\u00f3n del deporte federado del territorio correspondiente a su modalidad en el \u00e1mbito auton\u00f3mico.<\/p>\n","protected":false},"excerpt":{"rendered":"<p>Inscrita en el Registro de Actividades Deportivas del Pa\u00eds Vasco el 5 de mayo de 1986 con el n\u00famero 95, la Federaci\u00f3n Guipuzcoana de Tenis [&#8230;]<\/p>\n","protected":false},"author":1,"featured_media":0,"parent":0,"menu_order":0,"comment_status":"closed","ping_status":"closed","template":"","meta":{"footnotes":""},"class_list":["post-20","page","type-page","status-publish","hentry"],"yoast_head":"<!-- This site is optimized with the Yoast SEO plugin v27.4 - https:\/\/yoast.com\/product\/yoast-seo-wordpress\/ -->\n<title>Presentaci\u00f3n &#8211; GMTF<\/title>\n<meta name=\"robots\" content=\"index, follow, max-snippet:-1, max-image-preview:large, max-video-preview:-1\" \/>\n<link rel=\"canonical\" href=\"https:\/\/gipuzkoamt.com\/es\/presentacion\/\" \/>\n<meta property=\"og:locale\" content=\"es_ES\" \/>\n<meta property=\"og:type\" content=\"article\" \/>\n<meta property=\"og:title\" content=\"Presentaci\u00f3n &#8211; GMTF\" \/>\n<meta property=\"og:description\" content=\"Inscrita en el Registro de Actividades Deportivas del Pa\u00eds Vasco el 5 de mayo de 1986 con el n\u00famero 95, la Federaci\u00f3n Guipuzcoana de Tenis [...]\" \/>\n<meta property=\"og:url\" content=\"https:\/\/gipuzkoamt.com\/es\/presentacion\/\" \/>\n<meta property=\"og:site_name\" content=\"GMTF\" \/>\n<meta property=\"article:modified_time\" content=\"2024-12-14T14:01:20+00:00\" \/>\n<meta property=\"og:image\" content=\"https:\/\/gipuzkoamt.com\/es\/wp-content\/uploads\/2024\/12\/Favicon.png\" \/>\n\t<meta property=\"og:image:width\" content=\"250\" \/>\n\t<meta property=\"og:image:height\" content=\"250\" \/>\n\t<meta property=\"og:image:type\" content=\"image\/png\" \/>\n<meta name=\"twitter:card\" content=\"summary_large_image\" \/>\n<meta name=\"twitter:label1\" content=\"Tiempo de lectura\" \/>\n\t<meta name=\"twitter:data1\" content=\"2 minutos\" \/>\n<script type=\"application\/ld+json\" class=\"yoast-schema-graph\">{\"@context\":\"https:\\\/\\\/schema.org\",\"@graph\":[{\"@type\":\"WebPage\",\"@id\":\"https:\\\/\\\/gipuzkoamt.com\\\/es\\\/presentacion\\\/\",\"url\":\"https:\\\/\\\/gipuzkoamt.com\\\/es\\\/presentacion\\\/\",\"name\":\"Presentaci\u00f3n &#8211; GMTF\",\"isPartOf\":{\"@id\":\"https:\\\/\\\/gipuzkoamt.com\\\/es\\\/#website\"},\"datePublished\":\"2024-12-12T12:49:31+00:00\",\"dateModified\":\"2024-12-14T14:01:20+00:00\",\"breadcrumb\":{\"@id\":\"https:\\\/\\\/gipuzkoamt.com\\\/es\\\/presentacion\\\/#breadcrumb\"},\"inLanguage\":\"es\",\"potentialAction\":[{\"@type\":\"ReadAction\",\"target\":[\"https:\\\/\\\/gipuzkoamt.com\\\/es\\\/presentacion\\\/\"]}]},{\"@type\":\"BreadcrumbList\",\"@id\":\"https:\\\/\\\/gipuzkoamt.com\\\/es\\\/presentacion\\\/#breadcrumb\",\"itemListElement\":[{\"@type\":\"ListItem\",\"position\":1,\"name\":\"Home\",\"item\":\"https:\\\/\\\/gipuzkoamt.com\\\/es\\\/\"},{\"@type\":\"ListItem\",\"position\":2,\"name\":\"Presentaci\u00f3n\"}]},{\"@type\":\"WebSite\",\"@id\":\"https:\\\/\\\/gipuzkoamt.com\\\/es\\\/#website\",\"url\":\"https:\\\/\\\/gipuzkoamt.com\\\/es\\\/\",\"name\":\"GMTF\",\"description\":\"Gipuzkoako Mahai Tenis Federazioa\",\"publisher\":{\"@id\":\"https:\\\/\\\/gipuzkoamt.com\\\/es\\\/#organization\"},\"potentialAction\":[{\"@type\":\"SearchAction\",\"target\":{\"@type\":\"EntryPoint\",\"urlTemplate\":\"https:\\\/\\\/gipuzkoamt.com\\\/es\\\/?s={search_term_string}\"},\"query-input\":{\"@type\":\"PropertyValueSpecification\",\"valueRequired\":true,\"valueName\":\"search_term_string\"}}],\"inLanguage\":\"es\"},{\"@type\":\"Organization\",\"@id\":\"https:\\\/\\\/gipuzkoamt.com\\\/es\\\/#organization\",\"name\":\"Federaci\u00f3n Guipuzcoana de Tenis de Mesa\",\"url\":\"https:\\\/\\\/gipuzkoamt.com\\\/es\\\/\",\"logo\":{\"@type\":\"ImageObject\",\"inLanguage\":\"es\",\"@id\":\"https:\\\/\\\/gipuzkoamt.com\\\/es\\\/#\\\/schema\\\/logo\\\/image\\\/\",\"url\":\"https:\\\/\\\/gipuzkoamt.com\\\/es\\\/wp-content\\\/uploads\\\/2024\\\/12\\\/Favicon.png\",\"contentUrl\":\"https:\\\/\\\/gipuzkoamt.com\\\/es\\\/wp-content\\\/uploads\\\/2024\\\/12\\\/Favicon.png\",\"width\":250,\"height\":250,\"caption\":\"Federaci\u00f3n Guipuzcoana de Tenis de Mesa\"},\"image\":{\"@id\":\"https:\\\/\\\/gipuzkoamt.com\\\/es\\\/#\\\/schema\\\/logo\\\/image\\\/\"}}]}<\/script>\n<!-- \/ Yoast SEO plugin. -->","yoast_head_json":{"title":"Presentaci\u00f3n &#8211; GMTF","robots":{"index":"index","follow":"follow","max-snippet":"max-snippet:-1","max-image-preview":"max-image-preview:large","max-video-preview":"max-video-preview:-1"},"canonical":"https:\/\/gipuzkoamt.com\/es\/presentacion\/","og_locale":"es_ES","og_type":"article","og_title":"Presentaci\u00f3n &#8211; GMTF","og_description":"Inscrita en el Registro de Actividades Deportivas del Pa\u00eds Vasco el 5 de mayo de 1986 con el n\u00famero 95, la Federaci\u00f3n Guipuzcoana de Tenis [...]","og_url":"https:\/\/gipuzkoamt.com\/es\/presentacion\/","og_site_name":"GMTF","article_modified_time":"2024-12-14T14:01:20+00:00","og_image":[{"width":250,"height":250,"url":"https:\/\/gipuzkoamt.com\/es\/wp-content\/uploads\/2024\/12\/Favicon.png","type":"image\/png"}],"twitter_card":"summary_large_image","twitter_misc":{"Tiempo de lectura":"2 minutos"},"schema":{"@context":"https:\/\/schema.org","@graph":[{"@type":"WebPage","@id":"https:\/\/gipuzkoamt.com\/es\/presentacion\/","url":"https:\/\/gipuzkoamt.com\/es\/presentacion\/","name":"Presentaci\u00f3n &#8211; GMTF","isPartOf":{"@id":"https:\/\/gipuzkoamt.com\/es\/#website"},"datePublished":"2024-12-12T12:49:31+00:00","dateModified":"2024-12-14T14:01:20+00:00","breadcrumb":{"@id":"https:\/\/gipuzkoamt.com\/es\/presentacion\/#breadcrumb"},"inLanguage":"es","potentialAction":[{"@type":"ReadAction","target":["https:\/\/gipuzkoamt.com\/es\/presentacion\/"]}]},{"@type":"BreadcrumbList","@id":"https:\/\/gipuzkoamt.com\/es\/presentacion\/#breadcrumb","itemListElement":[{"@type":"ListItem","position":1,"name":"Home","item":"https:\/\/gipuzkoamt.com\/es\/"},{"@type":"ListItem","position":2,"name":"Presentaci\u00f3n"}]},{"@type":"WebSite","@id":"https:\/\/gipuzkoamt.com\/es\/#website","url":"https:\/\/gipuzkoamt.com\/es\/","name":"GMTF","description":"Gipuzkoako Mahai Tenis Federazioa","publisher":{"@id":"https:\/\/gipuzkoamt.com\/es\/#organization"},"potentialAction":[{"@type":"SearchAction","target":{"@type":"EntryPoint","urlTemplate":"https:\/\/gipuzkoamt.com\/es\/?s={search_term_string}"},"query-input":{"@type":"PropertyValueSpecification","valueRequired":true,"valueName":"search_term_string"}}],"inLanguage":"es"},{"@type":"Organization","@id":"https:\/\/gipuzkoamt.com\/es\/#organization","name":"Federaci\u00f3n Guipuzcoana de Tenis de Mesa","url":"https:\/\/gipuzkoamt.com\/es\/","logo":{"@type":"ImageObject","inLanguage":"es","@id":"https:\/\/gipuzkoamt.com\/es\/#\/schema\/logo\/image\/","url":"https:\/\/gipuzkoamt.com\/es\/wp-content\/uploads\/2024\/12\/Favicon.png","contentUrl":"https:\/\/gipuzkoamt.com\/es\/wp-content\/uploads\/2024\/12\/Favicon.png","width":250,"height":250,"caption":"Federaci\u00f3n Guipuzcoana de Tenis de Mesa"},"image":{"@id":"https:\/\/gipuzkoamt.com\/es\/#\/schema\/logo\/image\/"}}]}},"_links":{"self":[{"href":"https:\/\/gipuzkoamt.com\/es\/wp-json\/wp\/v2\/pages\/20","targetHints":{"allow":["GET"]}}],"collection":[{"href":"https:\/\/gipuzkoamt.com\/es\/wp-json\/wp\/v2\/pages"}],"about":[{"href":"https:\/\/gipuzkoamt.com\/es\/wp-json\/wp\/v2\/types\/page"}],"author":[{"embeddable":true,"href":"https:\/\/gipuzkoamt.com\/es\/wp-json\/wp\/v2\/users\/1"}],"replies":[{"embeddable":true,"href":"https:\/\/gipuzkoamt.com\/es\/wp-json\/wp\/v2\/comments?post=20"}],"version-history":[{"count":5,"href":"https:\/\/gipuzkoamt.com\/es\/wp-json\/wp\/v2\/pages\/20\/revisions"}],"predecessor-version":[{"id":105,"href":"https:\/\/gipuzkoamt.com\/es\/wp-json\/wp\/v2\/pages\/20\/revisions\/105"}],"wp:attachment":[{"href":"https:\/\/gipuzkoamt.com\/es\/wp-json\/wp\/v2\/media?parent=20"}],"curies":[{"name":"wp","href":"https:\/\/api.w.org\/{rel}","templated":true}]}}