{"id":137,"date":"2024-12-14T17:13:37","date_gmt":"2024-12-14T16:13:37","guid":{"rendered":"https:\/\/gipuzkoamt.com\/es\/?page_id=137"},"modified":"2025-12-12T20:25:14","modified_gmt":"2025-12-12T19:25:14","slug":"transparencia","status":"publish","type":"page","link":"https:\/\/gipuzkoamt.com\/es\/transparencia\/","title":{"rendered":"Transparencia"},"content":{"rendered":"<p>En cumplimiento con la Ley de Transparencia, en esta secci\u00f3n podr\u00e1s descargar toda la documentaci\u00f3n p\u00fablica de la Federaci\u00f3n Guipuzcoana de Tenis de Mesa.<\/p>\n<h3>Memorias<\/h3>\n<p><strong><a href=\"https:\/\/gipuzkoamt.com\/es\/wp-content\/uploads\/2025\/10\/Memoria-de-actividades-20242025.pdf\" target=\"_blank\" rel=\"noopener\">Memoria de actividades 2024\/2025<\/a><\/strong><\/p>\n<p><strong><a href=\"https:\/\/gipuzkoamt.com\/es\/wp-content\/uploads\/2024\/12\/2023-2024-FGTM-MEMORIA-ACTIVIDADES.pdf\" target=\"_blank\" rel=\"noopener\">Memorias de actividades 2023\/2024<\/a><\/strong><\/p>\n<h3>Convenios<\/h3>\n<p><strong><a href=\"https:\/\/gipuzkoamt.com\/es\/wp-content\/uploads\/2025\/06\/Convenio-de-colaboraciA\u00b3n-FGTM-FNTM-vdef.pdf\" target=\"_blank\" rel=\"noopener\">Convenio de colaboraci\u00f3n con la Federaci\u00f3n Navarra de Tenis de Mesa<\/a><\/strong><\/p>\n<p><strong><a href=\"https:\/\/gipuzkoamt.com\/eus\/wp-content\/uploads\/2025\/07\/Convenio-de-colaboracion-y-cesion-FGTM-CTD-Sonia-Etxazarreta.pdf\" target=\"_blank\" rel=\"noopener\">Convenio de colaboraci\u00f3n y cesi\u00f3n con el CTD Sonia Etxazarreta<\/a><\/strong><\/p>\n<h3>Protocolos<\/h3>\n<p><strong><a href=\"https:\/\/gipuzkoamt.com\/es\/wp-content\/uploads\/2025\/12\/Protocolo.pdf\" target=\"_blank\">Protocolo de protecci\u00f3n de la infancia y adolescencia<\/a><\/strong><\/p>\n<p><strong><a href=\"https:\/\/gipuzkoamt.com\/es\/wp-content\/uploads\/2025\/12\/Di-_Federacion-Guipuzcoana-de-Tenis-de-Mesa_.pdf\" target=\"_blank\">Certificado de cumplimiento del protocolo de protecci\u00f3n de la infancia y adolescencia<\/a><\/strong><\/p>\n","protected":false},"excerpt":{"rendered":"<p>En cumplimiento con la Ley de Transparencia, en esta secci\u00f3n podr\u00e1s descargar toda la documentaci\u00f3n p\u00fablica de la Federaci\u00f3n Guipuzcoana de Tenis de Mesa. Memorias [&#8230;]<\/p>\n","protected":false},"author":1,"featured_media":0,"parent":0,"menu_order":0,"comment_status":"closed","ping_status":"closed","template":"","meta":{"footnotes":""},"class_list":["post-137","page","type-page","status-publish","hentry"],"yoast_head":"<!-- This site is optimized with the Yoast SEO plugin v27.4 - https:\/\/yoast.com\/product\/yoast-seo-wordpress\/ -->\n<title>Transparencia &#8211; GMTF<\/title>\n<meta name=\"robots\" content=\"index, follow, max-snippet:-1, max-image-preview:large, max-video-preview:-1\" \/>\n<link rel=\"canonical\" href=\"https:\/\/gipuzkoamt.com\/es\/transparencia\/\" \/>\n<meta property=\"og:locale\" content=\"es_ES\" \/>\n<meta property=\"og:type\" content=\"article\" \/>\n<meta property=\"og:title\" content=\"Transparencia &#8211; GMTF\" \/>\n<meta property=\"og:description\" content=\"En cumplimiento con la Ley de Transparencia, en esta secci\u00f3n podr\u00e1s descargar toda la documentaci\u00f3n p\u00fablica de la Federaci\u00f3n Guipuzcoana de Tenis de Mesa. Memorias [...]\" \/>\n<meta property=\"og:url\" content=\"https:\/\/gipuzkoamt.com\/es\/transparencia\/\" \/>\n<meta property=\"og:site_name\" content=\"GMTF\" \/>\n<meta property=\"article:modified_time\" content=\"2025-12-12T19:25:14+00:00\" \/>\n<meta property=\"og:image\" content=\"https:\/\/gipuzkoamt.com\/es\/wp-content\/uploads\/2024\/12\/Favicon.png\" \/>\n\t<meta property=\"og:image:width\" content=\"250\" \/>\n\t<meta property=\"og:image:height\" content=\"250\" \/>\n\t<meta property=\"og:image:type\" content=\"image\/png\" \/>\n<meta name=\"twitter:card\" content=\"summary_large_image\" \/>\n<meta name=\"twitter:label1\" content=\"Tiempo de lectura\" \/>\n\t<meta name=\"twitter:data1\" content=\"1 minuto\" \/>\n<script type=\"application\/ld+json\" class=\"yoast-schema-graph\">{\"@context\":\"https:\\\/\\\/schema.org\",\"@graph\":[{\"@type\":\"WebPage\",\"@id\":\"https:\\\/\\\/gipuzkoamt.com\\\/es\\\/transparencia\\\/\",\"url\":\"https:\\\/\\\/gipuzkoamt.com\\\/es\\\/transparencia\\\/\",\"name\":\"Transparencia &#8211; GMTF\",\"isPartOf\":{\"@id\":\"https:\\\/\\\/gipuzkoamt.com\\\/es\\\/#website\"},\"datePublished\":\"2024-12-14T16:13:37+00:00\",\"dateModified\":\"2025-12-12T19:25:14+00:00\",\"breadcrumb\":{\"@id\":\"https:\\\/\\\/gipuzkoamt.com\\\/es\\\/transparencia\\\/#breadcrumb\"},\"inLanguage\":\"es\",\"potentialAction\":[{\"@type\":\"ReadAction\",\"target\":[\"https:\\\/\\\/gipuzkoamt.com\\\/es\\\/transparencia\\\/\"]}]},{\"@type\":\"BreadcrumbList\",\"@id\":\"https:\\\/\\\/gipuzkoamt.com\\\/es\\\/transparencia\\\/#breadcrumb\",\"itemListElement\":[{\"@type\":\"ListItem\",\"position\":1,\"name\":\"Home\",\"item\":\"https:\\\/\\\/gipuzkoamt.com\\\/es\\\/\"},{\"@type\":\"ListItem\",\"position\":2,\"name\":\"Transparencia\"}]},{\"@type\":\"WebSite\",\"@id\":\"https:\\\/\\\/gipuzkoamt.com\\\/es\\\/#website\",\"url\":\"https:\\\/\\\/gipuzkoamt.com\\\/es\\\/\",\"name\":\"GMTF\",\"description\":\"Gipuzkoako Mahai Tenis Federazioa\",\"publisher\":{\"@id\":\"https:\\\/\\\/gipuzkoamt.com\\\/es\\\/#organization\"},\"potentialAction\":[{\"@type\":\"SearchAction\",\"target\":{\"@type\":\"EntryPoint\",\"urlTemplate\":\"https:\\\/\\\/gipuzkoamt.com\\\/es\\\/?s={search_term_string}\"},\"query-input\":{\"@type\":\"PropertyValueSpecification\",\"valueRequired\":true,\"valueName\":\"search_term_string\"}}],\"inLanguage\":\"es\"},{\"@type\":\"Organization\",\"@id\":\"https:\\\/\\\/gipuzkoamt.com\\\/es\\\/#organization\",\"name\":\"Federaci\u00f3n Guipuzcoana de Tenis de Mesa\",\"url\":\"https:\\\/\\\/gipuzkoamt.com\\\/es\\\/\",\"logo\":{\"@type\":\"ImageObject\",\"inLanguage\":\"es\",\"@id\":\"https:\\\/\\\/gipuzkoamt.com\\\/es\\\/#\\\/schema\\\/logo\\\/image\\\/\",\"url\":\"https:\\\/\\\/gipuzkoamt.com\\\/es\\\/wp-content\\\/uploads\\\/2024\\\/12\\\/Favicon.png\",\"contentUrl\":\"https:\\\/\\\/gipuzkoamt.com\\\/es\\\/wp-content\\\/uploads\\\/2024\\\/12\\\/Favicon.png\",\"width\":250,\"height\":250,\"caption\":\"Federaci\u00f3n Guipuzcoana de Tenis de Mesa\"},\"image\":{\"@id\":\"https:\\\/\\\/gipuzkoamt.com\\\/es\\\/#\\\/schema\\\/logo\\\/image\\\/\"}}]}<\/script>\n<!-- \/ Yoast SEO plugin. -->","yoast_head_json":{"title":"Transparencia &#8211; GMTF","robots":{"index":"index","follow":"follow","max-snippet":"max-snippet:-1","max-image-preview":"max-image-preview:large","max-video-preview":"max-video-preview:-1"},"canonical":"https:\/\/gipuzkoamt.com\/es\/transparencia\/","og_locale":"es_ES","og_type":"article","og_title":"Transparencia &#8211; GMTF","og_description":"En cumplimiento con la Ley de Transparencia, en esta secci\u00f3n podr\u00e1s descargar toda la documentaci\u00f3n p\u00fablica de la Federaci\u00f3n Guipuzcoana de Tenis de Mesa. Memorias [...]","og_url":"https:\/\/gipuzkoamt.com\/es\/transparencia\/","og_site_name":"GMTF","article_modified_time":"2025-12-12T19:25:14+00:00","og_image":[{"width":250,"height":250,"url":"https:\/\/gipuzkoamt.com\/es\/wp-content\/uploads\/2024\/12\/Favicon.png","type":"image\/png"}],"twitter_card":"summary_large_image","twitter_misc":{"Tiempo de lectura":"1 minuto"},"schema":{"@context":"https:\/\/schema.org","@graph":[{"@type":"WebPage","@id":"https:\/\/gipuzkoamt.com\/es\/transparencia\/","url":"https:\/\/gipuzkoamt.com\/es\/transparencia\/","name":"Transparencia &#8211; GMTF","isPartOf":{"@id":"https:\/\/gipuzkoamt.com\/es\/#website"},"datePublished":"2024-12-14T16:13:37+00:00","dateModified":"2025-12-12T19:25:14+00:00","breadcrumb":{"@id":"https:\/\/gipuzkoamt.com\/es\/transparencia\/#breadcrumb"},"inLanguage":"es","potentialAction":[{"@type":"ReadAction","target":["https:\/\/gipuzkoamt.com\/es\/transparencia\/"]}]},{"@type":"BreadcrumbList","@id":"https:\/\/gipuzkoamt.com\/es\/transparencia\/#breadcrumb","itemListElement":[{"@type":"ListItem","position":1,"name":"Home","item":"https:\/\/gipuzkoamt.com\/es\/"},{"@type":"ListItem","position":2,"name":"Transparencia"}]},{"@type":"WebSite","@id":"https:\/\/gipuzkoamt.com\/es\/#website","url":"https:\/\/gipuzkoamt.com\/es\/","name":"GMTF","description":"Gipuzkoako Mahai Tenis Federazioa","publisher":{"@id":"https:\/\/gipuzkoamt.com\/es\/#organization"},"potentialAction":[{"@type":"SearchAction","target":{"@type":"EntryPoint","urlTemplate":"https:\/\/gipuzkoamt.com\/es\/?s={search_term_string}"},"query-input":{"@type":"PropertyValueSpecification","valueRequired":true,"valueName":"search_term_string"}}],"inLanguage":"es"},{"@type":"Organization","@id":"https:\/\/gipuzkoamt.com\/es\/#organization","name":"Federaci\u00f3n Guipuzcoana de Tenis de Mesa","url":"https:\/\/gipuzkoamt.com\/es\/","logo":{"@type":"ImageObject","inLanguage":"es","@id":"https:\/\/gipuzkoamt.com\/es\/#\/schema\/logo\/image\/","url":"https:\/\/gipuzkoamt.com\/es\/wp-content\/uploads\/2024\/12\/Favicon.png","contentUrl":"https:\/\/gipuzkoamt.com\/es\/wp-content\/uploads\/2024\/12\/Favicon.png","width":250,"height":250,"caption":"Federaci\u00f3n Guipuzcoana de Tenis de Mesa"},"image":{"@id":"https:\/\/gipuzkoamt.com\/es\/#\/schema\/logo\/image\/"}}]}},"_links":{"self":[{"href":"https:\/\/gipuzkoamt.com\/es\/wp-json\/wp\/v2\/pages\/137","targetHints":{"allow":["GET"]}}],"collection":[{"href":"https:\/\/gipuzkoamt.com\/es\/wp-json\/wp\/v2\/pages"}],"about":[{"href":"https:\/\/gipuzkoamt.com\/es\/wp-json\/wp\/v2\/types\/page"}],"author":[{"embeddable":true,"href":"https:\/\/gipuzkoamt.com\/es\/wp-json\/wp\/v2\/users\/1"}],"replies":[{"embeddable":true,"href":"https:\/\/gipuzkoamt.com\/es\/wp-json\/wp\/v2\/comments?post=137"}],"version-history":[{"count":12,"href":"https:\/\/gipuzkoamt.com\/es\/wp-json\/wp\/v2\/pages\/137\/revisions"}],"predecessor-version":[{"id":859,"href":"https:\/\/gipuzkoamt.com\/es\/wp-json\/wp\/v2\/pages\/137\/revisions\/859"}],"wp:attachment":[{"href":"https:\/\/gipuzkoamt.com\/es\/wp-json\/wp\/v2\/media?parent=137"}],"curies":[{"name":"wp","href":"https:\/\/api.w.org\/{rel}","templated":true}]}}