{"id":119,"date":"2024-12-14T16:27:52","date_gmt":"2024-12-14T15:27:52","guid":{"rendered":"https:\/\/gipuzkoamt.com\/es\/?page_id=119"},"modified":"2026-01-26T20:13:17","modified_gmt":"2026-01-26T19:13:17","slug":"arbitros","status":"publish","type":"page","link":"https:\/\/gipuzkoamt.com\/es\/arbitros\/","title":{"rendered":"\u00c1rbitros"},"content":{"rendered":"<p>Delegado: Pablo Vicente Vicente<\/p>\n<p>\u00c1rbitros: Jos\u00e9 Antonio Etxeberria, Arantxa Zabaleta, Fernando Garc\u00eda, Jos\u00e9 Manuel Armentia, Xabi Mart\u00edn, Aimar Insausti,  Samuel Mart\u00edn Angulo y Aimar Mikelajauregi<\/p>\n","protected":false},"excerpt":{"rendered":"<p>Delegado: Pablo Vicente Vicente \u00c1rbitros: Jos\u00e9 Antonio Etxeberria, Arantxa Zabaleta, Fernando Garc\u00eda, Jos\u00e9 Manuel Armentia, Xabi Mart\u00edn, Aimar Insausti, Samuel Mart\u00edn Angulo y Aimar Mikelajauregi<\/p>\n","protected":false},"author":1,"featured_media":0,"parent":0,"menu_order":0,"comment_status":"closed","ping_status":"closed","template":"","meta":{"footnotes":""},"class_list":["post-119","page","type-page","status-publish","hentry"],"yoast_head":"<!-- This site is optimized with the Yoast SEO plugin v27.4 - https:\/\/yoast.com\/product\/yoast-seo-wordpress\/ -->\n<title>\u00c1rbitros &#8211; GMTF<\/title>\n<meta name=\"robots\" content=\"index, follow, max-snippet:-1, max-image-preview:large, max-video-preview:-1\" \/>\n<link rel=\"canonical\" href=\"https:\/\/gipuzkoamt.com\/es\/arbitros\/\" \/>\n<meta property=\"og:locale\" content=\"es_ES\" \/>\n<meta property=\"og:type\" content=\"article\" \/>\n<meta property=\"og:title\" content=\"\u00c1rbitros &#8211; GMTF\" \/>\n<meta property=\"og:description\" content=\"Delegado: Pablo Vicente Vicente \u00c1rbitros: Jos\u00e9 Antonio Etxeberria, Arantxa Zabaleta, Fernando Garc\u00eda, Jos\u00e9 Manuel Armentia, Xabi Mart\u00edn, Aimar Insausti, Samuel Mart\u00edn Angulo y Aimar Mikelajauregi\" \/>\n<meta property=\"og:url\" content=\"https:\/\/gipuzkoamt.com\/es\/arbitros\/\" \/>\n<meta property=\"og:site_name\" content=\"GMTF\" \/>\n<meta property=\"article:modified_time\" content=\"2026-01-26T19:13:17+00:00\" \/>\n<meta property=\"og:image\" content=\"https:\/\/gipuzkoamt.com\/es\/wp-content\/uploads\/2024\/12\/Favicon.png\" \/>\n\t<meta property=\"og:image:width\" content=\"250\" \/>\n\t<meta property=\"og:image:height\" content=\"250\" \/>\n\t<meta property=\"og:image:type\" content=\"image\/png\" \/>\n<meta name=\"twitter:card\" content=\"summary_large_image\" \/>\n<meta name=\"twitter:label1\" content=\"Tiempo de lectura\" \/>\n\t<meta name=\"twitter:data1\" content=\"1 minuto\" \/>\n<script type=\"application\/ld+json\" class=\"yoast-schema-graph\">{\"@context\":\"https:\\\/\\\/schema.org\",\"@graph\":[{\"@type\":\"WebPage\",\"@id\":\"https:\\\/\\\/gipuzkoamt.com\\\/es\\\/arbitros\\\/\",\"url\":\"https:\\\/\\\/gipuzkoamt.com\\\/es\\\/arbitros\\\/\",\"name\":\"\u00c1rbitros &#8211; GMTF\",\"isPartOf\":{\"@id\":\"https:\\\/\\\/gipuzkoamt.com\\\/es\\\/#website\"},\"datePublished\":\"2024-12-14T15:27:52+00:00\",\"dateModified\":\"2026-01-26T19:13:17+00:00\",\"breadcrumb\":{\"@id\":\"https:\\\/\\\/gipuzkoamt.com\\\/es\\\/arbitros\\\/#breadcrumb\"},\"inLanguage\":\"es\",\"potentialAction\":[{\"@type\":\"ReadAction\",\"target\":[\"https:\\\/\\\/gipuzkoamt.com\\\/es\\\/arbitros\\\/\"]}]},{\"@type\":\"BreadcrumbList\",\"@id\":\"https:\\\/\\\/gipuzkoamt.com\\\/es\\\/arbitros\\\/#breadcrumb\",\"itemListElement\":[{\"@type\":\"ListItem\",\"position\":1,\"name\":\"Home\",\"item\":\"https:\\\/\\\/gipuzkoamt.com\\\/es\\\/\"},{\"@type\":\"ListItem\",\"position\":2,\"name\":\"\u00c1rbitros\"}]},{\"@type\":\"WebSite\",\"@id\":\"https:\\\/\\\/gipuzkoamt.com\\\/es\\\/#website\",\"url\":\"https:\\\/\\\/gipuzkoamt.com\\\/es\\\/\",\"name\":\"GMTF\",\"description\":\"Gipuzkoako Mahai Tenis Federazioa\",\"publisher\":{\"@id\":\"https:\\\/\\\/gipuzkoamt.com\\\/es\\\/#organization\"},\"potentialAction\":[{\"@type\":\"SearchAction\",\"target\":{\"@type\":\"EntryPoint\",\"urlTemplate\":\"https:\\\/\\\/gipuzkoamt.com\\\/es\\\/?s={search_term_string}\"},\"query-input\":{\"@type\":\"PropertyValueSpecification\",\"valueRequired\":true,\"valueName\":\"search_term_string\"}}],\"inLanguage\":\"es\"},{\"@type\":\"Organization\",\"@id\":\"https:\\\/\\\/gipuzkoamt.com\\\/es\\\/#organization\",\"name\":\"Federaci\u00f3n Guipuzcoana de Tenis de Mesa\",\"url\":\"https:\\\/\\\/gipuzkoamt.com\\\/es\\\/\",\"logo\":{\"@type\":\"ImageObject\",\"inLanguage\":\"es\",\"@id\":\"https:\\\/\\\/gipuzkoamt.com\\\/es\\\/#\\\/schema\\\/logo\\\/image\\\/\",\"url\":\"https:\\\/\\\/gipuzkoamt.com\\\/es\\\/wp-content\\\/uploads\\\/2024\\\/12\\\/Favicon.png\",\"contentUrl\":\"https:\\\/\\\/gipuzkoamt.com\\\/es\\\/wp-content\\\/uploads\\\/2024\\\/12\\\/Favicon.png\",\"width\":250,\"height\":250,\"caption\":\"Federaci\u00f3n Guipuzcoana de Tenis de Mesa\"},\"image\":{\"@id\":\"https:\\\/\\\/gipuzkoamt.com\\\/es\\\/#\\\/schema\\\/logo\\\/image\\\/\"}}]}<\/script>\n<!-- \/ Yoast SEO plugin. -->","yoast_head_json":{"title":"\u00c1rbitros &#8211; GMTF","robots":{"index":"index","follow":"follow","max-snippet":"max-snippet:-1","max-image-preview":"max-image-preview:large","max-video-preview":"max-video-preview:-1"},"canonical":"https:\/\/gipuzkoamt.com\/es\/arbitros\/","og_locale":"es_ES","og_type":"article","og_title":"\u00c1rbitros &#8211; GMTF","og_description":"Delegado: Pablo Vicente Vicente \u00c1rbitros: Jos\u00e9 Antonio Etxeberria, Arantxa Zabaleta, Fernando Garc\u00eda, Jos\u00e9 Manuel Armentia, Xabi Mart\u00edn, Aimar Insausti, Samuel Mart\u00edn Angulo y Aimar Mikelajauregi","og_url":"https:\/\/gipuzkoamt.com\/es\/arbitros\/","og_site_name":"GMTF","article_modified_time":"2026-01-26T19:13:17+00:00","og_image":[{"width":250,"height":250,"url":"https:\/\/gipuzkoamt.com\/es\/wp-content\/uploads\/2024\/12\/Favicon.png","type":"image\/png"}],"twitter_card":"summary_large_image","twitter_misc":{"Tiempo de lectura":"1 minuto"},"schema":{"@context":"https:\/\/schema.org","@graph":[{"@type":"WebPage","@id":"https:\/\/gipuzkoamt.com\/es\/arbitros\/","url":"https:\/\/gipuzkoamt.com\/es\/arbitros\/","name":"\u00c1rbitros &#8211; GMTF","isPartOf":{"@id":"https:\/\/gipuzkoamt.com\/es\/#website"},"datePublished":"2024-12-14T15:27:52+00:00","dateModified":"2026-01-26T19:13:17+00:00","breadcrumb":{"@id":"https:\/\/gipuzkoamt.com\/es\/arbitros\/#breadcrumb"},"inLanguage":"es","potentialAction":[{"@type":"ReadAction","target":["https:\/\/gipuzkoamt.com\/es\/arbitros\/"]}]},{"@type":"BreadcrumbList","@id":"https:\/\/gipuzkoamt.com\/es\/arbitros\/#breadcrumb","itemListElement":[{"@type":"ListItem","position":1,"name":"Home","item":"https:\/\/gipuzkoamt.com\/es\/"},{"@type":"ListItem","position":2,"name":"\u00c1rbitros"}]},{"@type":"WebSite","@id":"https:\/\/gipuzkoamt.com\/es\/#website","url":"https:\/\/gipuzkoamt.com\/es\/","name":"GMTF","description":"Gipuzkoako Mahai Tenis Federazioa","publisher":{"@id":"https:\/\/gipuzkoamt.com\/es\/#organization"},"potentialAction":[{"@type":"SearchAction","target":{"@type":"EntryPoint","urlTemplate":"https:\/\/gipuzkoamt.com\/es\/?s={search_term_string}"},"query-input":{"@type":"PropertyValueSpecification","valueRequired":true,"valueName":"search_term_string"}}],"inLanguage":"es"},{"@type":"Organization","@id":"https:\/\/gipuzkoamt.com\/es\/#organization","name":"Federaci\u00f3n Guipuzcoana de Tenis de Mesa","url":"https:\/\/gipuzkoamt.com\/es\/","logo":{"@type":"ImageObject","inLanguage":"es","@id":"https:\/\/gipuzkoamt.com\/es\/#\/schema\/logo\/image\/","url":"https:\/\/gipuzkoamt.com\/es\/wp-content\/uploads\/2024\/12\/Favicon.png","contentUrl":"https:\/\/gipuzkoamt.com\/es\/wp-content\/uploads\/2024\/12\/Favicon.png","width":250,"height":250,"caption":"Federaci\u00f3n Guipuzcoana de Tenis de Mesa"},"image":{"@id":"https:\/\/gipuzkoamt.com\/es\/#\/schema\/logo\/image\/"}}]}},"_links":{"self":[{"href":"https:\/\/gipuzkoamt.com\/es\/wp-json\/wp\/v2\/pages\/119","targetHints":{"allow":["GET"]}}],"collection":[{"href":"https:\/\/gipuzkoamt.com\/es\/wp-json\/wp\/v2\/pages"}],"about":[{"href":"https:\/\/gipuzkoamt.com\/es\/wp-json\/wp\/v2\/types\/page"}],"author":[{"embeddable":true,"href":"https:\/\/gipuzkoamt.com\/es\/wp-json\/wp\/v2\/users\/1"}],"replies":[{"embeddable":true,"href":"https:\/\/gipuzkoamt.com\/es\/wp-json\/wp\/v2\/comments?post=119"}],"version-history":[{"count":7,"href":"https:\/\/gipuzkoamt.com\/es\/wp-json\/wp\/v2\/pages\/119\/revisions"}],"predecessor-version":[{"id":998,"href":"https:\/\/gipuzkoamt.com\/es\/wp-json\/wp\/v2\/pages\/119\/revisions\/998"}],"wp:attachment":[{"href":"https:\/\/gipuzkoamt.com\/es\/wp-json\/wp\/v2\/media?parent=119"}],"curies":[{"name":"wp","href":"https:\/\/api.w.org\/{rel}","templated":true}]}}